{"id":95,"date":"2024-07-21T22:52:14","date_gmt":"2024-07-21T22:52:14","guid":{"rendered":"https:\/\/ssszh.meister4.ch\/?page_id=95"},"modified":"2024-12-01T15:50:46","modified_gmt":"2024-12-01T15:50:46","slug":"mitglied-werden","status":"publish","type":"page","link":"https:\/\/ssszh.ch\/?page_id=95","title":{"rendered":"Mitglied werden"},"content":{"rendered":"<p>[et_pb_section fb_built=&#8220;1&#8243; _builder_version=&#8220;4.27.0&#8243; _module_preset=&#8220;default&#8220; global_colors_info=&#8220;{}&#8220;][et_pb_row _builder_version=&#8220;4.27.0&#8243; _module_preset=&#8220;default&#8220; global_colors_info=&#8220;{}&#8220; custom_padding=&#8220;27px||36px|||&#8220;][et_pb_column type=&#8220;4_4&#8243; _builder_version=&#8220;4.27.0&#8243; _module_preset=&#8220;default&#8220; global_colors_info=&#8220;{}&#8220;][et_pb_text _builder_version=&#8220;4.27.0&#8243; _module_preset=&#8220;default&#8220; custom_padding=&#8220;6px|||||&#8220; global_colors_info=&#8220;{}&#8220;]<\/p>\n<h1 class=\"font_0 wixui-rich-text__text\" style=\"text-align: center;\">Mitglied werden<\/h1>\n<p>[\/et_pb_text][\/et_pb_column][\/et_pb_row][et_pb_row _builder_version=&#8220;4.27.0&#8243; _module_preset=&#8220;default&#8220; custom_margin=&#8220;|auto|-66px|auto||&#8220; custom_padding=&#8220;6px|||||&#8220; global_colors_info=&#8220;{}&#8220;][et_pb_column type=&#8220;4_4&#8243; _builder_version=&#8220;4.27.0&#8243; _module_preset=&#8220;default&#8220; global_colors_info=&#8220;{}&#8220;][et_pb_text _builder_version=&#8220;4.27.0&#8243; _module_preset=&#8220;default&#8220; custom_margin=&#8220;||-28px|||&#8220; global_colors_info=&#8220;{}&#8220;]<\/p>\n<div id=\"bgLayers_comp-ll4v8gqz\" data-hook=\"bgLayers\" data-motion-part=\"BG_LAYER\" class=\"MW5IWV\">\n<div id=\"bgMedia_comp-ll4v8gqz\" data-motion-part=\"BG_MEDIA\" class=\"VgO9Yg\"><span>Falls Du Dich f\u00fcr eine Mitgliedschaft in unserer Lebensverbindung interessierst, bist Du herzlich zu einem gegenseitigen Kennenlernen an einem Stamm willkommen. Wir erwarten von unseren Mitgliedern, dass sie sich aktiv f\u00fcr die Verbindung engagieren und dabei Verantwortung \u00fcbernehmen.<\/span><\/div>\n<\/div>\n<p>[\/et_pb_text][et_pb_code _builder_version=&#8220;4.27.0&#8243; _module_preset=&#8220;default&#8220; global_colors_info=&#8220;{}&#8220;][\/et_pb_code][\/et_pb_column][\/et_pb_row][et_pb_row column_structure=&#8220;1_2,1_2&#8243; _builder_version=&#8220;4.27.0&#8243; _module_preset=&#8220;default&#8220; global_colors_info=&#8220;{}&#8220; custom_padding=&#8220;||5px|||&#8220;][et_pb_column type=&#8220;1_2&#8243; _builder_version=&#8220;4.27.0&#8243; _module_preset=&#8220;default&#8220; global_colors_info=&#8220;{}&#8220;][et_pb_text _builder_version=&#8220;4.27.0&#8243; _module_preset=&#8220;default&#8220; global_colors_info=&#8220;{}&#8220;]<\/p>\n<div id=\"bgLayers_comp-ll4v8gqz\" data-hook=\"bgLayers\" data-motion-part=\"BG_LAYER\" class=\"MW5IWV\">\n<div id=\"bgMedia_comp-ll4v8gqz\" data-motion-part=\"BG_MEDIA\" class=\"VgO9Yg\">\n<div id=\"comp-kaifp7ok\" class=\"HcOXKn c9GqVL QxJLC3 comp-kaifp7ok wixui-rich-text\" data-testid=\"richTextElement\">\n<h2 class=\"font_2 wixui-rich-text__text\"><span class=\"wixui-rich-text__text\">Voraussetzungen<\/span><\/h2>\n<ul class=\"font_8 wixui-rich-text__text\">\n<li class=\"wixui-rich-text__text\">\n<p class=\"font_8 wixui-rich-text__text\"><span class=\"wixui-rich-text__text\">Du studierst an Universit\u00e4t oder der ETH in Z\u00fcrich.<\/span><\/p>\n<\/li>\n<li class=\"wixui-rich-text__text\">\n<p class=\"font_8 wixui-rich-text__text\"><span class=\"wixui-rich-text__text\">Du bist m\u00e4nnlich.*<\/span><\/p>\n<\/li>\n<li class=\"wixui-rich-text__text\">\n<p class=\"font_8 wixui-rich-text__text\"><span class=\"wixui-rich-text__text\">Du kannst Dich mit unseren Traditionen und Werten identifizieren.<\/span><\/p>\n<\/li>\n<\/ul>\n<p class=\"font_8 wixui-rich-text__text\"><br class=\"wixui-rich-text__text\" \/><span class=\"wixui-rich-text__text\">*Mitglieder unserer Verbindung sind ausschliesslich m\u00e4nnlichen Geschlechts. Frauen k\u00f6nnen Mitsch\u00fctzinnen werden und an Schiessanl\u00e4ssen teilnehmen.<\/span><\/p>\n<p class=\"font_8 wixui-rich-text__text\"><span class=\"wixui-rich-text__text\"><\/span><\/p>\n<p class=\"font_8 wixui-rich-text__text\">\n<\/div>\n<div id=\"comp-kaiezz7c\" class=\"HcOXKn c9GqVL QxJLC3 comp-kaiezz7c wixui-rich-text\" data-testid=\"richTextElement\">\n<h2 class=\"font_2 wixui-rich-text__text\"><span class=\"wixui-rich-text__text\">Aufnahmegesuch<\/span><\/h2>\n<p class=\"font_8 wixui-rich-text__text\"><span class=\"wixui-rich-text__text\">\u00dcber eine Aufnahme entscheidet die Aktivitas nachdem Interessenten an mindestens drei Verbindungsanl\u00e4ssen teilgenommen haben. Damit wollen wir erreichen, dass wir uns gegenseitig kennen lernen k\u00f6nnen.<\/span><\/p>\n<\/div>\n<\/div>\n<\/div>\n<p>[\/et_pb_text][et_pb_code _builder_version=&#8220;4.27.0&#8243; _module_preset=&#8220;default&#8220; global_colors_info=&#8220;{}&#8220;][\/et_pb_code][\/et_pb_column][et_pb_column type=&#8220;1_2&#8243; _builder_version=&#8220;4.27.0&#8243; _module_preset=&#8220;default&#8220; global_colors_info=&#8220;{}&#8220;][et_pb_text _builder_version=&#8220;4.27.0&#8243; _module_preset=&#8220;default&#8220; global_colors_info=&#8220;{}&#8220;]<\/p>\n<div id=\"comp-k70trwdz\" class=\"HcOXKn c9GqVL QxJLC3 comp-k70trwdz wixui-rich-text\" data-testid=\"richTextElement\">\n<div id=\"comp-kaiex2cr\" class=\"HcOXKn c9GqVL QxJLC3 comp-kaiex2cr wixui-rich-text\" data-testid=\"richTextElement\">\n<h2 class=\"font_2 wixui-rich-text__text\"><span class=\"wixui-rich-text__text\">Nach einer Aufnahme<\/span><\/h2>\n<p class=\"font_8 wixui-rich-text__text\"><span class=\"wixui-rich-text__text\">Im Unterschied zu anderen Verbindungen, absolvieren neue Mitglieder keine Fuchsenzeit. Innerhalb der Aktivitas besteht der Stand der Jung-SSSer. In diesem befinden sich alle Aktiven w\u00e4hrend mindestens zweier Semester nach ihrem Eintritt. Diese Zeit soll dazu dienen, sich mit unseren Sitten und Gebr\u00e4uchen vertraut zu machen.<\/span><\/p>\n<p class=\"font_8 wixui-rich-text__text\"><span class=\"wixui-rich-text__text\"><\/span><\/p>\n<p class=\"font_8 wixui-rich-text__text\"><span class=\"wixui-rich-text__text\"><\/span><\/p>\n<p class=\"font_8 wixui-rich-text__text\"><span class=\"wixui-rich-text__text\"><\/span><\/p>\n<p class=\"font_8 wixui-rich-text__text\"><span class=\"wixui-rich-text__text\"><\/span><\/p>\n<p class=\"font_8 wixui-rich-text__text\"><span class=\"wixui-rich-text__text\"><\/span><\/p>\n<\/div>\n<div id=\"comp-kbmma6ff\" class=\"HcOXKn c9GqVL QxJLC3 comp-kbmma6ff wixui-rich-text\" data-testid=\"richTextElement\">\n<h2 class=\"font_2 wixui-rich-text__text\"><span class=\"wixui-rich-text__text\">Nach dem Studium\u200b<\/span><\/h2>\n<p class=\"font_8 wixui-rich-text__text\"><span class=\"wixui-rich-text__text\">Nach dem Studiumsabschluss sowie einiger Zeit nach dem \u00dcbertritt ins Erwerbsleben, kann der Austritt aus der Aktivitas beantragt werden, um anschliessend die Aufnahme in die Altherrenschaft beantragen zu k\u00f6nnen.\u00a0<\/span><\/p>\n<\/div>\n<\/div>\n<p>[\/et_pb_text][\/et_pb_column][\/et_pb_row][et_pb_row column_structure=&#8220;1_2,1_2&#8243; _builder_version=&#8220;4.27.0&#8243; _module_preset=&#8220;default&#8220; global_colors_info=&#8220;{}&#8220; custom_padding=&#8220;6px||25px|||&#8220;][et_pb_column type=&#8220;1_2&#8243; _builder_version=&#8220;4.27.0&#8243; _module_preset=&#8220;default&#8220; global_colors_info=&#8220;{}&#8220;][et_pb_button button_url=&#8220;@ET-DC@eyJkeW5hbWljIjp0cnVlLCJjb250ZW50IjoicG9zdF9saW5rX3VybF9wYWdlIiwic2V0dGluZ3MiOnsicG9zdF9pZCI6IjEyOSJ9fQ==@&#8220; button_text=&#8220;Lerne uns kennen!&#8220; button_alignment=&#8220;center&#8220; _builder_version=&#8220;4.27.4&#8243; _dynamic_attributes=&#8220;button_url&#8220; _module_preset=&#8220;default&#8220; global_colors_info=&#8220;{}&#8220;][\/et_pb_button][\/et_pb_column][et_pb_column type=&#8220;1_2&#8243; _builder_version=&#8220;4.27.0&#8243; _module_preset=&#8220;default&#8220; global_colors_info=&#8220;{}&#8220;][et_pb_button button_url=&#8220;@ET-DC@eyJkeW5hbWljIjp0cnVlLCJjb250ZW50IjoicG9zdF9saW5rX3VybF9wYWdlIiwic2V0dGluZ3MiOnsicG9zdF9pZCI6IjE2OCJ9fQ==@&#8220; button_text=&#8220;Noch Fragen?&#8220; button_alignment=&#8220;center&#8220; _builder_version=&#8220;4.27.0&#8243; _dynamic_attributes=&#8220;button_url&#8220; _module_preset=&#8220;default&#8220; global_colors_info=&#8220;{}&#8220;][\/et_pb_button][\/et_pb_column][\/et_pb_row][et_pb_row _builder_version=&#8220;4.27.0&#8243; _module_preset=&#8220;default&#8220; global_colors_info=&#8220;{}&#8220;][et_pb_column type=&#8220;4_4&#8243; _builder_version=&#8220;4.27.0&#8243; _module_preset=&#8220;default&#8220; global_colors_info=&#8220;{}&#8220;][et_pb_image src=&#8220;https:\/\/ssszh.ch\/wp-content\/uploads\/2024\/07\/Banner-2.jpg.webp&#8220; title_text=&#8220;Banner 2.jpg&#8220; align=&#8220;center&#8220; force_fullwidth=&#8220;on&#8220; _builder_version=&#8220;4.27.0&#8243; _module_preset=&#8220;default&#8220; global_colors_info=&#8220;{}&#8220;][\/et_pb_image][\/et_pb_column][\/et_pb_row][\/et_pb_section]<\/p>\n","protected":false},"excerpt":{"rendered":"<p>Mitglied werden Falls Du Dich f\u00fcr eine Mitgliedschaft in unserer Lebensverbindung interessierst, bist Du herzlich zu einem gegenseitigen Kennenlernen an einem Stamm willkommen. Wir erwarten von unseren Mitgliedern, dass sie sich aktiv f\u00fcr die Verbindung engagieren und dabei Verantwortung \u00fcbernehmen. Voraussetzungen Du studierst an Universit\u00e4t oder der ETH in Z\u00fcrich. Du bist m\u00e4nnlich.* Du kannst [&hellip;]<\/p>\n","protected":false},"author":1,"featured_media":0,"parent":0,"menu_order":0,"comment_status":"closed","ping_status":"closed","template":"","meta":{"_et_pb_use_builder":"on","_et_pb_old_content":"","_et_gb_content_width":"","footnotes":""},"class_list":["post-95","page","type-page","status-publish","hentry"],"_links":{"self":[{"href":"https:\/\/ssszh.ch\/index.php?rest_route=\/wp\/v2\/pages\/95","targetHints":{"allow":["GET"]}}],"collection":[{"href":"https:\/\/ssszh.ch\/index.php?rest_route=\/wp\/v2\/pages"}],"about":[{"href":"https:\/\/ssszh.ch\/index.php?rest_route=\/wp\/v2\/types\/page"}],"author":[{"embeddable":true,"href":"https:\/\/ssszh.ch\/index.php?rest_route=\/wp\/v2\/users\/1"}],"replies":[{"embeddable":true,"href":"https:\/\/ssszh.ch\/index.php?rest_route=%2Fwp%2Fv2%2Fcomments&post=95"}],"version-history":[{"count":6,"href":"https:\/\/ssszh.ch\/index.php?rest_route=\/wp\/v2\/pages\/95\/revisions"}],"predecessor-version":[{"id":753,"href":"https:\/\/ssszh.ch\/index.php?rest_route=\/wp\/v2\/pages\/95\/revisions\/753"}],"wp:attachment":[{"href":"https:\/\/ssszh.ch\/index.php?rest_route=%2Fwp%2Fv2%2Fmedia&parent=95"}],"curies":[{"name":"wp","href":"https:\/\/api.w.org\/{rel}","templated":true}]}}