{"id":68,"date":"2024-07-21T22:02:55","date_gmt":"2024-07-21T22:02:55","guid":{"rendered":"https:\/\/ssszh.meister4.ch\/?page_id=68"},"modified":"2024-12-01T14:57:12","modified_gmt":"2024-12-01T14:57:12","slug":"schiesswesen","status":"publish","type":"page","link":"https:\/\/ssszh.ch\/?page_id=68","title":{"rendered":"Schiesswesen"},"content":{"rendered":"<p>[et_pb_section fb_built=&#8220;1&#8243; _builder_version=&#8220;4.27.0&#8243; _module_preset=&#8220;default&#8220; global_colors_info=&#8220;{}&#8220;][et_pb_row _builder_version=&#8220;4.27.0&#8243; _module_preset=&#8220;default&#8220; height=&#8220;100px&#8220; custom_padding=&#8220;10px||42px|||&#8220; global_colors_info=&#8220;{}&#8220;][et_pb_column type=&#8220;4_4&#8243; _builder_version=&#8220;4.27.0&#8243; _module_preset=&#8220;default&#8220; global_colors_info=&#8220;{}&#8220;][et_pb_text _builder_version=&#8220;4.27.4&#8243; _module_preset=&#8220;default&#8220; header_font_size=&#8220;35px&#8220; custom_padding=&#8220;0px|||||&#8220; global_colors_info=&#8220;{}&#8220;]<\/p>\n<h1 style=\"text-align: center;\"><strong><span class=\"wixui-rich-text__text\">Schiesswesen<\/span><\/strong><\/h1>\n<p>[\/et_pb_text][\/et_pb_column][\/et_pb_row][et_pb_row column_structure=&#8220;1_2,1_2&#8243; _builder_version=&#8220;4.27.0&#8243; _module_preset=&#8220;default&#8220; custom_padding=&#8220;6px||6px|||&#8220; global_colors_info=&#8220;{}&#8220;][et_pb_column type=&#8220;1_2&#8243; _builder_version=&#8220;4.27.0&#8243; _module_preset=&#8220;default&#8220; global_colors_info=&#8220;{}&#8220;][et_pb_text _builder_version=&#8220;4.27.0&#8243; _module_preset=&#8220;default&#8220; global_colors_info=&#8220;{}&#8220;]<\/p>\n<div id=\"bgLayers_comp-ll4v8gqz\" data-hook=\"bgLayers\" data-motion-part=\"BG_LAYER\" class=\"MW5IWV\">\n<div id=\"bgMedia_comp-ll4v8gqz\" data-motion-part=\"BG_MEDIA\" class=\"VgO9Yg\"><\/div>\n<\/div>\n<div data-mesh-id=\"comp-ll4v8gqzinlineContent\" data-testid=\"inline-content\" class=\"\">\n<div data-mesh-id=\"comp-ll4v8gqzinlineContent-gridContainer\" data-testid=\"mesh-container-content\">\n<div id=\"comp-k70trwce\" class=\"HcOXKn c9GqVL QxJLC3 comp-k70trwce wixui-rich-text\" data-testid=\"richTextElement\">\n<h1 class=\"font_0 wixui-rich-text__text\"><span style=\"font-size: 26px;\">Vielf\u00e4ltigkeit<\/span><\/h1>\n<\/div>\n<div id=\"comp-k70trwd6\" class=\"HcOXKn c9GqVL QxJLC3 comp-k70trwd6 wixui-rich-text\" data-testid=\"richTextElement\">\n<p class=\"font_8 wixui-rich-text__text\"><span class=\"wixui-rich-text__text\">Wir schiessen grunds\u00e4tzlich 25m Pistole und 300m Gewehr mit Ordonnanzmunition, wobei auch andere Disziplinen nicht zu kurz kommen.<\/span><\/p>\n<p class=\"font_8 wixui-rich-text__text\"><span class=\"wixui-rich-text__text\"><\/span><\/p>\n<p class=\"font_8 wixui-rich-text__text\"><span class=\"wixui-rich-text__text\"><\/span><\/p>\n<\/div>\n<div id=\"comp-k70u03ta\" class=\"HcOXKn c9GqVL QxJLC3 comp-k70u03ta wixui-rich-text\" data-testid=\"richTextElement\">\n<h2 class=\"font_2 wixui-rich-text__text\"><span class=\"wixui-rich-text__text\">Anl\u00e4sse<\/span><\/h2>\n<p class=\"font_8 wixui-rich-text__text\"><span class=\"wixui-rich-text__text\">Wir nehmen an eidgen\u00f6ssischen, kantonalen sowie historische Schiessen teil und besuchen befreundete Schiessvereine. Als Mitglied des Albisg\u00fctliverbandes engagieren wir uns auch f\u00fcr das Knabenschiessen in Z\u00fcrich.<\/span><span class=\"wixui-rich-text__text\"><\/span><\/p>\n<\/div>\n<\/div>\n<\/div>\n<p>[\/et_pb_text][et_pb_text _builder_version=&#8220;4.27.0&#8243; _module_preset=&#8220;default&#8220; global_colors_info=&#8220;{}&#8220;]<\/p>\n<div id=\"bgLayers_comp-ll4v8gqz\" data-hook=\"bgLayers\" data-motion-part=\"BG_LAYER\" class=\"MW5IWV\">\n<div id=\"bgMedia_comp-ll4v8gqz\" data-motion-part=\"BG_MEDIA\" class=\"VgO9Yg\"><\/div>\n<\/div>\n<div data-mesh-id=\"comp-ll4v8gqzinlineContent\" data-testid=\"inline-content\" class=\"\">\n<div data-mesh-id=\"comp-ll4v8gqzinlineContent-gridContainer\" data-testid=\"mesh-container-content\">\n<div id=\"comp-k70trwce\" class=\"HcOXKn c9GqVL QxJLC3 comp-k70trwce wixui-rich-text\" data-testid=\"richTextElement\">\n<h1 class=\"font_0 wixui-rich-text__text\">Sch\u00fctzenhaus Albisg\u00fctli<\/h1>\n<\/div>\n<div id=\"comp-k70trwd6\" class=\"HcOXKn c9GqVL QxJLC3 comp-k70trwd6 wixui-rich-text\" data-testid=\"richTextElement\">\n<p class=\"font_8 wixui-rich-text__text\"><span class=\"wixui-rich-text__text\">Unsere Schiesstrainings absolvieren wir im Albisg\u00fctli. 1898 errichtet, musste das altehrw\u00fcrdige Sch\u00fctzenhaus 1962 der heutigen Schiessanlage Platz machen. Mit 60 Scheiben 300m,\u00a0<\/span><\/p>\n<p class=\"font_8 wixui-rich-text__text\"><span class=\"wixui-rich-text__text\">62 Scheiben 50m und 20 Scheiben 25m, geh\u00f6rt die Schiessanlage zu den gr\u00f6ssten der Schweiz. F\u00fcr die Verpflegung ist im Panorama-Rrestaurant gesorgt.<\/span><\/p>\n<\/div>\n<div id=\"comp-k70u03ta\" class=\"HcOXKn c9GqVL QxJLC3 comp-k70u03ta wixui-rich-text\" data-testid=\"richTextElement\"><\/div>\n<\/div>\n<\/div>\n<p>[\/et_pb_text][\/et_pb_column][et_pb_column type=&#8220;1_2&#8243; _builder_version=&#8220;4.27.0&#8243; _module_preset=&#8220;default&#8220; global_colors_info=&#8220;{}&#8220;][et_pb_text _builder_version=&#8220;4.27.0&#8243; _module_preset=&#8220;default&#8220; global_colors_info=&#8220;{}&#8220;]<\/p>\n<div id=\"comp-k70trwdz\" class=\"HcOXKn c9GqVL QxJLC3 comp-k70trwdz wixui-rich-text\" data-testid=\"richTextElement\">\n<h2 class=\"font_2 wixui-rich-text__text\"><span class=\"wixui-rich-text__text\">Schiesssaison<\/span><\/h2>\n<p class=\"font_8 wixui-rich-text__text\"><span class=\"wixui-rich-text__text\">Unsere Saison erstreckt sich von M\u00e4rz bis September. Zus\u00e4tzlich nehmen wir im Winter an einzelnen Schiessanl\u00e4ssen zur Pflege der Freundschaft mit anderen Vereinen teil.<\/span><\/p>\n<p class=\"font_8 wixui-rich-text__text\"><span class=\"wixui-rich-text__text\"><\/span><\/p>\n<\/div>\n<div id=\"comp-k70u3lqu\" class=\"HcOXKn c9GqVL QxJLC3 comp-k70u3lqu wixui-rich-text\" data-testid=\"richTextElement\">\n<h2 class=\"font_2 wixui-rich-text__text\"><span class=\"wixui-rich-text__text\">Wer darf bei uns schiessen?<\/span><\/h2>\n<ul class=\"font_7 wixui-rich-text__text\">\n<li class=\"wixui-rich-text__text\">\n<p class=\"font_7 wixui-rich-text__text\"><span class=\"wixui-rich-text__text\">Mitglieder und Mitsch\u00fctzen des SSS!<\/span><\/p>\n<\/li>\n<li class=\"wixui-rich-text__text\">\n<p class=\"font_7 wixui-rich-text__text\"><span class=\"wixui-rich-text__text\">G\u00e4ste auf Einladung durch den Sch\u00fctzenmeister oder eines Mitgliedes.<\/span><\/p>\n<\/li>\n<li class=\"wixui-rich-text__text\">\n<p class=\"font_7 wixui-rich-text__text\"><span class=\"wixui-rich-text__text\">Angeh\u00f6rige der Armee anl\u00e4sslich des Obligatorischen Bundesprogrammes.<\/span><\/p>\n<\/li>\n<\/ul>\n<\/div>\n<p>[\/et_pb_text][\/et_pb_column][\/et_pb_row][et_pb_row _builder_version=&#8220;4.27.4&#8243; _module_preset=&#8220;default&#8220; custom_margin=&#8220;|auto|-74px|auto||&#8220; global_colors_info=&#8220;{}&#8220;][et_pb_column type=&#8220;4_4&#8243; _builder_version=&#8220;4.27.4&#8243; _module_preset=&#8220;default&#8220; global_colors_info=&#8220;{}&#8220;][et_pb_divider _builder_version=&#8220;4.27.0&#8243; _module_preset=&#8220;default&#8220; custom_padding=&#8220;||0px|||&#8220; global_colors_info=&#8220;{}&#8220;][\/et_pb_divider][\/et_pb_column][\/et_pb_row][et_pb_row column_structure=&#8220;1_2,1_2&#8243; _builder_version=&#8220;4.27.0&#8243; _module_preset=&#8220;default&#8220; custom_padding=&#8220;23px||6px|||&#8220; global_colors_info=&#8220;{}&#8220;][et_pb_column type=&#8220;1_2&#8243; _builder_version=&#8220;4.27.0&#8243; _module_preset=&#8220;default&#8220; global_colors_info=&#8220;{}&#8220;][et_pb_heading title=&#8220;25m Stand Albisg\u00fctli (Pistole)&#8220; _builder_version=&#8220;4.27.0&#8243; _module_preset=&#8220;default&#8220; global_colors_info=&#8220;{}&#8220;][\/et_pb_heading][et_pb_code _builder_version=&#8220;4.27.0&#8243; _module_preset=&#8220;default&#8220; global_colors_info=&#8220;{}&#8220;]<iframe src=\"https:\/\/www.google.com\/maps\/embed?pb=!1m14!1m8!1m3!1d425.0992200253794!2d8.508137313357842!3d47.35162354944569!3m2!1i1024!2i768!4f13.1!3m3!1m2!1s0x47900995b171d08f%3A0x57d568245efbd6a4!2sUetlibergstrasse%20343%2FA%2C%208045%20Z%C3%BCrich%2C%20Schweiz!5e1!3m2!1sde!2sus!4v1721598938965!5m2!1sde!2sus\" width=\"600\" height=\"250\" style=\"border:0;\" allowfullscreen=\"\" loading=\"lazy\" referrerpolicy=\"no-referrer-when-downgrade\"><\/iframe>[\/et_pb_code][\/et_pb_column][et_pb_column type=&#8220;1_2&#8243; _builder_version=&#8220;4.27.0&#8243; _module_preset=&#8220;default&#8220; global_colors_info=&#8220;{}&#8220;][et_pb_heading title=&#8220;300m Stand Albisg\u00fctli (Gewehr)&#8220; _builder_version=&#8220;4.27.0&#8243; _module_preset=&#8220;default&#8220; global_colors_info=&#8220;{}&#8220;][\/et_pb_heading][et_pb_code _builder_version=&#8220;4.27.0&#8243; _module_preset=&#8220;default&#8220; global_colors_info=&#8220;{}&#8220;]<iframe src=\"https:\/\/www.google.com\/maps\/embed?pb=!1m14!1m8!1m3!1d568.4220147869877!2d8.509894264587883!3d47.35175295512634!3m2!1i1024!2i768!4f13.1!3m3!1m2!1s0x479009951dc9e41f%3A0xa89762154568fc96!2sSchiessanlage%20Albisg%C3%BCtli!5e1!3m2!1sde!2sus!4v1721598737953!5m2!1sde!2sus\" width=\"600\" height=\"250\" style=\"border:0;\" allowfullscreen=\"\" loading=\"lazy\" referrerpolicy=\"no-referrer-when-downgrade\"><\/iframe>[\/et_pb_code][\/et_pb_column][\/et_pb_row][et_pb_row _builder_version=&#8220;4.27.0&#8243; _module_preset=&#8220;default&#8220; custom_padding=&#8220;17px||0px|||&#8220; global_colors_info=&#8220;{}&#8220;][et_pb_column type=&#8220;4_4&#8243; _builder_version=&#8220;4.27.0&#8243; _module_preset=&#8220;default&#8220; global_colors_info=&#8220;{}&#8220;][et_pb_divider _builder_version=&#8220;4.27.0&#8243; _module_preset=&#8220;default&#8220; global_colors_info=&#8220;{}&#8220;][\/et_pb_divider][\/et_pb_column][\/et_pb_row][et_pb_row _builder_version=&#8220;4.27.0&#8243; _module_preset=&#8220;default&#8220; custom_padding=&#8220;3px||10px|||&#8220; global_colors_info=&#8220;{}&#8220;][et_pb_column type=&#8220;4_4&#8243; _builder_version=&#8220;4.27.0&#8243; _module_preset=&#8220;default&#8220; global_colors_info=&#8220;{}&#8220;][et_pb_image src=&#8220;https:\/\/ssszh.ch\/wp-content\/uploads\/2024\/07\/Murtenschiessen-01.jpg.webp&#8220; title_text=&#8220;Murtenschiessen 01.jpg&#8220; align=&#8220;center&#8220; force_fullwidth=&#8220;on&#8220; _builder_version=&#8220;4.27.0&#8243; _module_preset=&#8220;default&#8220; global_colors_info=&#8220;{}&#8220;][\/et_pb_image][\/et_pb_column][\/et_pb_row][\/et_pb_section]<\/p>\n","protected":false},"excerpt":{"rendered":"<p>Schiesswesen Vielf\u00e4ltigkeit Wir schiessen grunds\u00e4tzlich 25m Pistole und 300m Gewehr mit Ordonnanzmunition, wobei auch andere Disziplinen nicht zu kurz kommen. Anl\u00e4sse Wir nehmen an eidgen\u00f6ssischen, kantonalen sowie historische Schiessen teil und besuchen befreundete Schiessvereine. Als Mitglied des Albisg\u00fctliverbandes engagieren wir uns auch f\u00fcr das Knabenschiessen in Z\u00fcrich. Sch\u00fctzenhaus Albisg\u00fctli Unsere Schiesstrainings absolvieren wir im Albisg\u00fctli. [&hellip;]<\/p>\n","protected":false},"author":1,"featured_media":0,"parent":0,"menu_order":0,"comment_status":"closed","ping_status":"closed","template":"","meta":{"_et_pb_use_builder":"on","_et_pb_old_content":"","_et_gb_content_width":"","footnotes":""},"class_list":["post-68","page","type-page","status-publish","hentry"],"_links":{"self":[{"href":"https:\/\/ssszh.ch\/index.php?rest_route=\/wp\/v2\/pages\/68","targetHints":{"allow":["GET"]}}],"collection":[{"href":"https:\/\/ssszh.ch\/index.php?rest_route=\/wp\/v2\/pages"}],"about":[{"href":"https:\/\/ssszh.ch\/index.php?rest_route=\/wp\/v2\/types\/page"}],"author":[{"embeddable":true,"href":"https:\/\/ssszh.ch\/index.php?rest_route=\/wp\/v2\/users\/1"}],"replies":[{"embeddable":true,"href":"https:\/\/ssszh.ch\/index.php?rest_route=%2Fwp%2Fv2%2Fcomments&post=68"}],"version-history":[{"count":10,"href":"https:\/\/ssszh.ch\/index.php?rest_route=\/wp\/v2\/pages\/68\/revisions"}],"predecessor-version":[{"id":743,"href":"https:\/\/ssszh.ch\/index.php?rest_route=\/wp\/v2\/pages\/68\/revisions\/743"}],"wp:attachment":[{"href":"https:\/\/ssszh.ch\/index.php?rest_route=%2Fwp%2Fv2%2Fmedia&parent=68"}],"curies":[{"name":"wp","href":"https:\/\/api.w.org\/{rel}","templated":true}]}}