{"id":46,"date":"2024-07-21T20:55:07","date_gmt":"2024-07-21T20:55:07","guid":{"rendered":"https:\/\/ssszh.meister4.ch\/?page_id=46"},"modified":"2024-12-02T13:16:17","modified_gmt":"2024-12-02T13:16:17","slug":"der-sss","status":"publish","type":"page","link":"https:\/\/ssszh.ch\/?page_id=46","title":{"rendered":"Der SSS!"},"content":{"rendered":"<p>[et_pb_section fb_built=&#8220;1&#8243; _builder_version=&#8220;4.27.0&#8243; _module_preset=&#8220;default&#8220; custom_padding=&#8220;8px|||||&#8220; global_colors_info=&#8220;{}&#8220;][et_pb_row _builder_version=&#8220;4.27.0&#8243; _module_preset=&#8220;default&#8220; custom_padding=&#8220;18px|||||&#8220; global_colors_info=&#8220;{}&#8220;][et_pb_column type=&#8220;4_4&#8243; _builder_version=&#8220;4.27.0&#8243; _module_preset=&#8220;default&#8220; global_colors_info=&#8220;{}&#8220;][et_pb_text _builder_version=&#8220;4.27.0&#8243; _module_preset=&#8220;default&#8220; global_colors_info=&#8220;{}&#8220;]<\/p>\n<h1 style=\"text-align: center;\">Der SSS!<\/h1>\n<p>[\/et_pb_text][et_pb_divider _builder_version=&#8220;4.27.0&#8243; _module_preset=&#8220;default&#8220; custom_margin=&#8220;-24px|||||&#8220; global_colors_info=&#8220;{}&#8220;][\/et_pb_divider][et_pb_video src=&#8220;https:\/\/ssszh.ch\/wp-content\/uploads\/2024\/07\/SSS-Break-the-Silence-Final.mp4&#8243; image_src=&#8220;https:\/\/ssszh.ch\/wp-content\/uploads\/2024\/07\/SSS_Film.jpg&#8220; play_icon_color=&#8220;#0F0100&#8243; use_icon_font_size=&#8220;on&#8220; thumbnail_overlay_color=&#8220;#FFFFFF&#8220; _builder_version=&#8220;4.27.0&#8243; _module_preset=&#8220;default&#8220; custom_margin=&#8220;-27px|||||&#8220; hover_transition_delay=&#8220;50ms&#8220; hover_transition_speed_curve=&#8220;ease-in-out&#8220; global_colors_info=&#8220;{}&#8220;][\/et_pb_video][et_pb_text _builder_version=&#8220;4.27.4&#8243; _module_preset=&#8220;default&#8220; hover_enabled=&#8220;0&#8243; global_colors_info=&#8220;{}&#8220; sticky_enabled=&#8220;0&#8243;]<\/p>\n<h2 class=\"font_2 wixui-rich-text__text\"><span class=\"wixui-rich-text__text\">Sch\u00fctzenverein Schweizerischer Studierender zu Z\u00fcrich &#8211; Sch\u00fctzenverein und Studentenverbindung seit 1861<\/span><\/h2>\n<p class=\"font_8 wixui-rich-text__text\"><span class=\"wixui-rich-text__text\">Seit der Gr\u00fcndung pflegen wir unsere Traditionen und geh\u00f6ren damit zu den \u00e4ltesten Verbindungen in Z\u00fcrich. Der SSS! besteht aus Studenten der Universit\u00e4t und der ETH Z\u00fcrich. Wir pflegen das couleurstudentische Verbindungsleben, zu welchem nebst geselligen St\u00e4mmen in unserem Lokal auch ein reger Kontakt mit anderen Studentenverbindungen geh\u00f6rt. Der SSS! ist eine Lebensverbindung und erm\u00f6glicht nebst bereicherndem Gespr\u00e4chen zwischen Studenten unterschiedlichster Fakult\u00e4ten einen bereichernden Austausch zwischen Generationen. Die Verbindung bietet damit eine Plattform f\u00fcr differenzierte Meinungsbildung und lebenslange Freundschaften.<\/span><\/p>\n<p class=\"font_8 wixui-rich-text__text\"><span class=\"wixui-rich-text__text\">Weltoffenheit, Familienfreundlichkeit und Kameradschaft sind beim SSS! zentrale Werte. Damit ist der SSS! auch heute noch genauso vielseitig und einzigartig, wie zu seiner Gr\u00fcndungszeit.<\/span><\/p>\n<p class=\"font_8 wixui-rich-text__text\"><span class=\"wixui-rich-text__text\">Der SSS! ist ein Mitgliederverein des Akademischen Sportverbands Z\u00fcrichs (<a href=\"https:\/\/www.asvz.ch\/\" target=\"_blank\" rel=\"noopener noreferrer\" class=\"wixui-rich-text__text\">ASVZ<\/a>). Der SSS! ist auch Mitglied des Corporationen-Convent zu Z\u00fcrich (<a href=\"https:\/\/corporationen.ch\/\" target=\"_blank\" rel=\"noopener noreferrer\" class=\"wixui-rich-text__text\">CCZ<\/a>), der Vereinigung aller couleurstudentischen Corporationen beider Hochschulen in Z\u00fcrich.<\/span><\/p>\n<p>[\/et_pb_text][et_pb_text _builder_version=&#8220;4.27.4&#8243; _module_preset=&#8220;default&#8220; custom_padding=&#8220;4px|||||&#8220; hover_enabled=&#8220;0&#8243; global_colors_info=&#8220;{}&#8220; sticky_enabled=&#8220;0&#8243;]<\/p>\n<h2 class=\"font_2 wixui-rich-text__text\"><span class=\"wixui-rich-text__text\">Unser Aktivit\u00e4ten<\/span><\/h2>\n<p class=\"font_8 wixui-rich-text__text\"><span class=\"wixui-rich-text__text\">Nebst den regelm\u00e4ssigen St\u00e4mmen in den Drei Stuben, ist das Sommersemester durch verschiedene Schiessanl\u00e4sse und Trainings im Sch\u00fctzenhaus Albisg\u00fctli gepr\u00e4gt. Ebenfalls bieten wir allen Studenten die M\u00f6glichkeit an, bei uns das <a href=\"https:\/\/ssszh.ch\/?page_id=150\" class=\"wixui-rich-text__text\">Obligatorische Bundesprogramm<\/a> zu absolvieren. Des Weiteren nehmen wir an Schiessanl\u00e4ssen in der ganzen Schweiz teil; mitmachen ist dabei wichtiger als zu gewinnen.<\/span><span class=\"wixui-rich-text__text\"><\/span><\/p>\n<p class=\"font_8 wixui-rich-text__text\"><span class=\"wixui-rich-text__text\"><span>Das Wintersemester bietet Gelegenheit f\u00fcr gemeinsame Ausfl\u00fcge, Kontakte zu pflegen, gesellige Anl\u00e4sse durchzuf\u00fchren oder in das Z\u00fcrcher Nachtleben einzutauchen. Regelm\u00e4ssig sorgen Altherren anl\u00e4sslich von Kurzreferaten am Stamm zu aktuellen Themen aus Wissenschaft, Milit\u00e4r, Kultur und Gesellschaft f\u00fcr eine Horizonterweiterung. Studienreisen f\u00fchren uns an spannende Orte in ganz Europa und schaffen bleibende Erinnerungen. Den gesellschaftlichen H\u00f6hepunkt des Verbindungsjahres stellt jeweils der Weihnachtsball in einem der Z\u00fcrcher Zunfth\u00e4user dar<\/span><\/span><\/p>\n<p class=\"font_8 wixui-rich-text__text\"><span class=\"wixui-rich-text__text\"><\/span><\/p>\n<p>[\/et_pb_text][et_pb_text _builder_version=&#8220;4.27.4&#8243; _module_preset=&#8220;default&#8220; custom_padding=&#8220;4px|||||&#8220; hover_enabled=&#8220;0&#8243; global_colors_info=&#8220;{}&#8220; sticky_enabled=&#8220;0&#8243;]<\/p>\n<h2 class=\"font_2 wixui-rich-text__text\"><span class=\"wixui-rich-text__text\">Haben wir Dein Interesse geweckt?<\/span><\/h2>\n<p class=\"font_8 wixui-rich-text__text\"><span class=\"wixui-rich-text__text\">Wir freuen uns auf Deinen Besuch an unserem Stamm, der jeden Donnerstag ab 20 Uhr in unserem <a href=\"https:\/\/ssszh.ch\/?page_id=82\" class=\"wixui-rich-text__text\">Stammlokal<\/a>\u00a0stattfindet. Einzelheiten zu einer Mitgliedschaft im SSS! erf\u00e4hrst Du <a href=\"https:\/\/ssszh.ch\/?page_id=95\" class=\"wixui-rich-text__text\">hier<\/a>.<\/span><\/p>\n<p class=\"font_8 wixui-rich-text__text\"><span class=\"wixui-rich-text__text\">Bei Fragen erreichst Du uns am einfachsten \u00fcber unsere <a href=\"https:\/\/ssszh.ch\/?page_id=168\" class=\"wixui-rich-text__text\">Kontaktseite<\/a>.<\/span><\/p>\n<p>[\/et_pb_text][et_pb_image src=&#8220;https:\/\/ssszh.ch\/wp-content\/uploads\/2024\/07\/Drei-Stuben.webp&#8220; title_text=&#8220;Drei Stuben&#8220; force_fullwidth=&#8220;on&#8220; _builder_version=&#8220;4.27.0&#8243; _module_preset=&#8220;default&#8220; global_colors_info=&#8220;{}&#8220;][\/et_pb_image][\/et_pb_column][\/et_pb_row][\/et_pb_section]<\/p>\n","protected":false},"excerpt":{"rendered":"<p>Der SSS!Sch\u00fctzenverein Schweizerischer Studierender zu Z\u00fcrich &#8211; Sch\u00fctzenverein und Studentenverbindung seit 1861 Seit der Gr\u00fcndung pflegen wir unsere Traditionen und geh\u00f6ren damit zu den \u00e4ltesten Verbindungen in Z\u00fcrich. Der SSS! besteht aus Studenten der Universit\u00e4t und der ETH Z\u00fcrich. Wir pflegen das couleurstudentische Verbindungsleben, zu welchem nebst geselligen St\u00e4mmen in unserem Lokal auch ein reger [&hellip;]<\/p>\n","protected":false},"author":1,"featured_media":0,"parent":0,"menu_order":0,"comment_status":"closed","ping_status":"closed","template":"","meta":{"_et_pb_use_builder":"on","_et_pb_old_content":"","_et_gb_content_width":"","footnotes":""},"class_list":["post-46","page","type-page","status-publish","hentry"],"_links":{"self":[{"href":"https:\/\/ssszh.ch\/index.php?rest_route=\/wp\/v2\/pages\/46","targetHints":{"allow":["GET"]}}],"collection":[{"href":"https:\/\/ssszh.ch\/index.php?rest_route=\/wp\/v2\/pages"}],"about":[{"href":"https:\/\/ssszh.ch\/index.php?rest_route=\/wp\/v2\/types\/page"}],"author":[{"embeddable":true,"href":"https:\/\/ssszh.ch\/index.php?rest_route=\/wp\/v2\/users\/1"}],"replies":[{"embeddable":true,"href":"https:\/\/ssszh.ch\/index.php?rest_route=%2Fwp%2Fv2%2Fcomments&post=46"}],"version-history":[{"count":16,"href":"https:\/\/ssszh.ch\/index.php?rest_route=\/wp\/v2\/pages\/46\/revisions"}],"predecessor-version":[{"id":759,"href":"https:\/\/ssszh.ch\/index.php?rest_route=\/wp\/v2\/pages\/46\/revisions\/759"}],"wp:attachment":[{"href":"https:\/\/ssszh.ch\/index.php?rest_route=%2Fwp%2Fv2%2Fmedia&parent=46"}],"curies":[{"name":"wp","href":"https:\/\/api.w.org\/{rel}","templated":true}]}}