{"id":150,"date":"2024-07-22T06:48:34","date_gmt":"2024-07-22T06:48:34","guid":{"rendered":"https:\/\/ssszh.meister4.ch\/?page_id=150"},"modified":"2024-12-03T11:46:56","modified_gmt":"2024-12-03T11:46:56","slug":"obligatorisches-programm","status":"publish","type":"page","link":"https:\/\/ssszh.ch\/?page_id=150","title":{"rendered":"Obligatorisches Programm"},"content":{"rendered":"<p>[et_pb_section fb_built=&#8220;1&#8243; _builder_version=&#8220;4.27.0&#8243; _module_preset=&#8220;default&#8220; module_alignment=&#8220;center&#8220; custom_padding=&#8220;0px||5px|||&#8220; global_colors_info=&#8220;{}&#8220;][et_pb_row _builder_version=&#8220;4.27.0&#8243; _module_preset=&#8220;default&#8220; module_alignment=&#8220;center&#8220; custom_margin=&#8220;|200px||auto||&#8220; custom_padding=&#8220;|||0px||&#8220; global_colors_info=&#8220;{}&#8220;][et_pb_column type=&#8220;4_4&#8243; _builder_version=&#8220;4.27.0&#8243; _module_preset=&#8220;default&#8220; global_colors_info=&#8220;{}&#8220;][et_pb_text _builder_version=&#8220;4.27.4&#8243; _module_preset=&#8220;default&#8220; global_colors_info=&#8220;{}&#8220;]<\/p>\n<h1 class=\"font_0 wixui-rich-text__text\" style=\"text-align: center;\"><strong>Termine OP-Schiessen<\/strong><\/h1>\n<h1 class=\"font_0 wixui-rich-text__text\" style=\"text-align: center;\"><span style=\"font-size: 30px;\"><img loading=\"lazy\" decoding=\"async\" src=\"https:\/\/ssszh.ch\/wp-content\/uploads\/2024\/07\/asvz.webp\" width=\"85\" height=\"32\" alt=\"\" class=\"wp-image-153 alignnone size-full\" style=\"margin-right: auto; margin-left: auto; font-size: 30px; display: block;\" \/><\/span><\/h1>\n<p><span style=\"color: #ff6600;\"><strong><\/strong><\/span><\/p>\n<p><span style=\"color: #ff6600;\"><strong>Die neuen Termine werden hier angezeigt sobald sie bekannt sind. <\/strong><\/span><strong><span><div class=\"r34ics-ajax-container loading\" id=\"r69e1d35d2cf0e40\" data-view=\"list\" data-view-is-list-style=\"1\" data-view-is-list-long=\"1\" data-args=\"1e6413207ffde3cf4b1bcc2cd2df009fdbc24a09\" data-js-args=\"{&quot;debug&quot;:null}\">&nbsp;<\/div><\/span><\/strong><\/p>\n<p>[\/et_pb_text][et_pb_image src=&#8220;https:\/\/ssszh.ch\/wp-content\/uploads\/2024\/07\/Waffen.png&#8220; title_text=&#8220;Waffen&#8220; align=&#8220;center&#8220; _builder_version=&#8220;4.27.0&#8243; _module_preset=&#8220;default&#8220; global_colors_info=&#8220;{}&#8220;][\/et_pb_image][et_pb_text _builder_version=&#8220;4.27.0&#8243; _module_preset=&#8220;default&#8220; global_colors_info=&#8220;{}&#8220;]<\/p>\n<h2 style=\"text-align: center;\"><span>Letzte Standblattausgabe 30min vor Schiessende.<\/span><\/h2>\n<p>[\/et_pb_text][et_pb_text _builder_version=&#8220;4.27.4&#8243; _module_preset=&#8220;default&#8220; global_colors_info=&#8220;{}&#8220;]<\/p>\n<h1 class=\"font_0 wixui-rich-text__text\" style=\"text-align: center;\"><strong><span class=\"wixui-rich-text__text\">Angeh\u00f6rige der Armee<\/span><\/strong><\/h1>\n<p style=\"text-align: center;\"><a href=\"https:\/\/www.armee.ch\/de\/militaerdienst-schiesswesen\" target=\"_blank\" rel=\"noopener\"><span class=\"wixui-rich-text__text\">Ausserdienstliche Schiesspflicht<\/span><\/a><\/p>\n<p>[\/et_pb_text][et_pb_text _builder_version=&#8220;4.27.0&#8243; _module_preset=&#8220;default&#8220; custom_padding=&#8220;|||8px||&#8220; global_colors_info=&#8220;{}&#8220;]<\/p>\n<p class=\"font_7 wixui-rich-text__text\"><span class=\"color_15 wixui-rich-text__text\"><span class=\"wixui-rich-text__text\">Bringe zur Erf\u00fcllung der Schiesspflicht bitte folgende Sachen mit:<\/span><\/span><\/p>\n<ul class=\"font_7 color_15 wixui-rich-text__text\">\n<li class=\"wixui-rich-text__text\">\n<p class=\"font_7 wixui-rich-text__text\"><span class=\"color_15 wixui-rich-text__text\"><span class=\"wixui-rich-text__text\">Aufforderungsschreiben mit den Klebeetiketten<\/span><\/span><\/p>\n<\/li>\n<li class=\"wixui-rich-text__text\">\n<p class=\"font_7 wixui-rich-text__text\"><span class=\"color_15 wixui-rich-text__text\"><span class=\"wixui-rich-text__text\">Dienstb\u00fcchlein<\/span><\/span><\/p>\n<\/li>\n<li class=\"wixui-rich-text__text\">\n<p class=\"font_7 wixui-rich-text__text\"><span class=\"color_15 wixui-rich-text__text\"><span class=\"wixui-rich-text__text\">Milit\u00e4rische Leistungsausweis (MLA)<\/span><\/span><\/p>\n<\/li>\n<li class=\"wixui-rich-text__text\">\n<p class=\"font_7 wixui-rich-text__text\"><span class=\"color_15 wixui-rich-text__text\"><span class=\"wixui-rich-text__text\">Amtlicher Ausweis<\/span><\/span><\/p>\n<\/li>\n<li class=\"wixui-rich-text__text\">\n<p class=\"font_7 wixui-rich-text__text\"><span class=\"color_15 wixui-rich-text__text\"><span class=\"wixui-rich-text__text\">Pers\u00f6nliche Dienstwaffe mit Putzzeug<\/span><\/span><\/p>\n<\/li>\n<li class=\"wixui-rich-text__text\">\n<p class=\"font_7 wixui-rich-text__text\"><span class=\"color_15 wixui-rich-text__text\"><span class=\"wixui-rich-text__text\">Pers\u00f6nliches Magazin<\/span><\/span><\/p>\n<\/li>\n<li class=\"wixui-rich-text__text\">\n<p class=\"font_7 wixui-rich-text__text\"><span class=\"color_15 wixui-rich-text__text\"><span class=\"wixui-rich-text__text\">Pers\u00f6nliche Geh\u00f6rschutzschalen<\/span><\/span><\/p>\n<\/li>\n<\/ul>\n<p class=\"font_7 wixui-rich-text__text\">\n<p class=\"font_7 wixui-rich-text__text\"><span class=\"color_15 wixui-rich-text__text\"><span class=\"wixui-rich-text__text\">Bei fehlenden Unterlagen wende dich bitte an die Milit\u00e4rbeh\u00f6rde d<\/span><\/span><span class=\"color_15 wixui-rich-text__text\"><span class=\"wixui-rich-text__text\">eines Wohnkantons.<\/span><\/span><\/p>\n<p>[\/et_pb_text][et_pb_text _builder_version=&#8220;4.27.0&#8243; _module_preset=&#8220;default&#8220; global_colors_info=&#8220;{}&#8220;]<\/p>\n<h1 class=\"font_0 wixui-rich-text__text\" style=\"text-align: center;\"><strong>Veranstaltungsort<\/strong><\/h1>\n<p>[\/et_pb_text][et_pb_text _builder_version=&#8220;4.27.0&#8243; _module_preset=&#8220;default&#8220; global_colors_info=&#8220;{}&#8220;]<\/p>\n<p class=\"font_7 wixui-rich-text__text\" style=\"text-align: center;\"><span class=\"wixui-rich-text__text\">\u00d6V: Tram 13 ab Z\u00fcrich HB bis Haltestelle Albisg\u00fcetli<\/span><\/p>\n<p class=\"font_7 wixui-rich-text__text\" style=\"text-align: center;\"><span class=\"wixui-rich-text__text\">Auto: Es stehen gen\u00fcgend Parkm\u00f6glichkeiten vor dem 300m Stand zur Verf\u00fcgung<\/span><\/p>\n<p>[\/et_pb_text][et_pb_text _builder_version=&#8220;4.27.4&#8243; _module_preset=&#8220;default&#8220; width=&#8220;100%&#8220; global_colors_info=&#8220;{}&#8220;]<\/p>\n<div id=\"bgLayers_comp-ll4v8gqz\" data-hook=\"bgLayers\" data-motion-part=\"BG_LAYER\" class=\"MW5IWV\">\n<div id=\"bgMedia_comp-ll4v8gqz\" data-motion-part=\"BG_MEDIA\" class=\"VgO9Yg\">\n<div id=\"comp-lskwjwp92\" class=\"HcOXKn c9GqVL QxJLC3 comp-lskwjwp92 wixui-rich-text\" data-testid=\"richTextElement\">\n<div id=\"bgLayers_comp-ll4v8gqw1\" data-hook=\"bgLayers\" data-motion-part=\"BG_LAYER\" class=\"MW5IWV\">\n<table border=\"0\" style=\"width: 100%; border-collapse: collapse; border-style: none;\">\n<tbody>\n<tr>\n<td style=\"width: 25%;\">\n<div id=\"bgLayers_comp-ll4v8gqw1\" data-hook=\"bgLayers\" data-motion-part=\"BG_LAYER\" class=\"MW5IWV\">\n<h3 id=\"bgMedia_comp-ll4v8gqw1\" data-motion-part=\"BG_MEDIA\" class=\"VgO9Yg\"><\/h3>\n<\/div>\n<div data-mesh-id=\"comp-ll4v8gqw1inlineContent\" data-testid=\"inline-content\" class=\"\">\n<div data-mesh-id=\"comp-ll4v8gqw1inlineContent-gridContainer\" data-testid=\"mesh-container-content\">\n<div id=\"comp-lkh62c5w2\" class=\"HcOXKn c9GqVL QxJLC3 comp-lkh62c5w2 wixui-rich-text\" data-testid=\"richTextElement\">\n<p class=\"font_7 wixui-rich-text__text\" style=\"text-align: center;\"><strong><span class=\"color_15 wixui-rich-text__text\"><span class=\"wixui-rich-text__text\">Pistolenstand 25m<\/span><\/span><\/strong><\/p>\n<p class=\"font_7 wixui-rich-text__text\" style=\"text-align: center;\"><span class=\"color_15 wixui-rich-text__text\"><span class=\"wixui-rich-text__text\">Uetlibergstrasse 343a<\/span><\/span><\/p>\n<p class=\"font_7 wixui-rich-text__text\" style=\"text-align: center;\"><span class=\"color_15 wixui-rich-text__text\"><span class=\"wixui-rich-text__text\">8045 Z\u00fcrich<\/span><\/span><\/p>\n<p class=\"font_7 wixui-rich-text__text\" style=\"text-align: center;\"><a href=\"https:\/\/www.google.com\/maps\/dir\/\/Uetlibergstrasse+343%2FA,+8045+Z\u00fcrich,+Schweiz\/@47.3515516,8.5075259,522m\/data=!3m1!1e3!4m8!4m7!1m0!1m5!1m1!1s0x47900995b171d08f:0x57d568245efbd6a4!2m2!1d8.5075259!2d47.3515516!5m1!1e1?entry=ttu\" target=\"_blank\" rel=\"noopener\"><span class=\"color_15 wixui-rich-text__text\"><span class=\"wixui-rich-text__text\">WEGBESCHREIBUNG<\/span><\/span><\/a><\/p>\n<\/div>\n<div id=\"comp-lkh62c64\" class=\"HcOXKn c9GqVL QxJLC3 comp-lkh62c64 wixui-rich-text\" data-testid=\"richTextElement\"><\/div>\n<\/div>\n<\/div>\n<\/td>\n<td style=\"width: 30%;\">\n<div id=\"comp-lkh62c615\" class=\"HcOXKn c9GqVL QxJLC3 comp-lkh62c615 wixui-rich-text\" data-testid=\"richTextElement\">\n<h2 class=\"font_2 wixui-rich-text__text\"><strong><span class=\"wixui-rich-text__text\"><\/span><\/strong><\/h2>\n<h2 class=\"font_2 wixui-rich-text__text\"><strong><span class=\"wixui-rich-text__text\"><\/span><\/strong><\/h2>\n<p class=\"font_7 wixui-rich-text__text\" style=\"text-align: center;\"><strong><span class=\"color_15 wixui-rich-text__text\"><span class=\"wixui-rich-text__text\">Gewehrstand 300m<\/span><\/span><\/strong><\/p>\n<p class=\"font_7 wixui-rich-text__text\" style=\"text-align: center;\"><span class=\"color_15 wixui-rich-text__text\"><span class=\"wixui-rich-text__text\">Uetlibergstrasse 331<\/span><\/span><\/p>\n<p class=\"font_7 wixui-rich-text__text\" style=\"text-align: center;\"><span class=\"color_15 wixui-rich-text__text\"><span class=\"wixui-rich-text__text\">8045 Z\u00fcrich<\/span><\/span><\/p>\n<p style=\"text-align: center;\"><a href=\"https:\/\/www.google.com\/maps\/dir\/\/Schiessanlage+Albisg\u00fctli+Uetlibergstrasse+331+8045+Z\u00fcrich\/@47.3516166,8.5096051,522m\/data=!3m1!1e3!4m8!4m7!1m0!1m5!1m1!1s0x479009951dc9e41f:0xa89762154568fc96!2m2!1d8.5096051!2d47.3516166!5m1!1e1?entry=ttu\" target=\"_blank\" rel=\"noopener\">WEGBESCHREIBUNG<\/a><\/p>\n<\/div>\n<div id=\"comp-lkh62c5z2\" class=\"HcOXKn c9GqVL QxJLC3 comp-lkh62c5z2 wixui-rich-text\" data-testid=\"richTextElement\"><\/div>\n<div id=\"comp-lkh62c63\" class=\"HcOXKn c9GqVL QxJLC3 comp-lkh62c63 wixui-rich-text\" data-testid=\"richTextElement\"><\/div>\n<\/td>\n<\/tr>\n<\/tbody>\n<\/table>\n<\/div>\n<\/div>\n<\/div>\n<\/div>\n<p>[\/et_pb_text][et_pb_text _builder_version=&#8220;4.27.0&#8243; _module_preset=&#8220;default&#8220; global_colors_info=&#8220;{}&#8220;]<\/p>\n<div id=\"bgLayers_comp-ll4v8gqz\" data-hook=\"bgLayers\" data-motion-part=\"BG_LAYER\" class=\"MW5IWV\">\n<div id=\"bgMedia_comp-ll4v8gqz\" data-motion-part=\"BG_MEDIA\" class=\"VgO9Yg\">\n<div id=\"comp-lskwjwp92\" class=\"HcOXKn c9GqVL QxJLC3 comp-lskwjwp92 wixui-rich-text\" data-testid=\"richTextElement\">\n<p class=\"font_7 wixui-rich-text__text\" style=\"text-align: center;\">\n<\/div>\n<\/div>\n<\/div>\n<p>[\/et_pb_text][et_pb_text _builder_version=&#8220;4.27.0&#8243; _module_preset=&#8220;default&#8220; custom_padding=&#8220;||0px|||&#8220; global_colors_info=&#8220;{}&#8220;]<\/p>\n<div id=\"bgLayers_comp-ll4v8gqz\" data-hook=\"bgLayers\" data-motion-part=\"BG_LAYER\" class=\"MW5IWV\">\n<div id=\"bgMedia_comp-ll4v8gqz\" data-motion-part=\"BG_MEDIA\" class=\"VgO9Yg\">\n<div id=\"comp-lskwjwp92\" class=\"HcOXKn c9GqVL QxJLC3 comp-lskwjwp92 wixui-rich-text\" data-testid=\"richTextElement\">\n<p style=\"text-align: center;\">\n<\/div>\n<\/div>\n<\/div>\n<p>[\/et_pb_text][et_pb_text _builder_version=&#8220;4.27.0&#8243; _module_preset=&#8220;default&#8220; global_colors_info=&#8220;{}&#8220;]<\/p>\n<div id=\"bgLayers_comp-ll4v8gqz\" data-hook=\"bgLayers\" data-motion-part=\"BG_LAYER\" class=\"MW5IWV\">\n<div id=\"bgMedia_comp-ll4v8gqz\" data-motion-part=\"BG_MEDIA\" class=\"VgO9Yg\">\n<div id=\"comp-lskwjwp92\" class=\"HcOXKn c9GqVL QxJLC3 comp-lskwjwp92 wixui-rich-text\" data-testid=\"richTextElement\">\n<p class=\"font_7 wixui-rich-text__text\" style=\"text-align: center;\"><iframe src=\"https:\/\/s.geo.admin.ch\/35945rat790v?pb=!1m18!1m12!1m3!1d907.5471519808066!2d8.509128726826209!3d47.351416241986534!2m3!1f0!2f0!3f0!3m2!1i1024!2i768!4f13.1!3m3!1m2!1s0x479009951dc9e41f%3A0xa89762154568fc96!2sSchiessanlage%20Albisg%C3%BCtli!5e1!3m2!1sen!2sch!4v1721975624531!5m2!1sen!2sch\" width=\"600\" height=\"450\" allowfullscreen=\"\" loading=\"lazy\" referrerpolicy=\"no-referrer-when-downgrade\" style=\"border: 0;\"><\/iframe><\/p>\n<\/div>\n<\/div>\n<\/div>\n<p>[\/et_pb_text][et_pb_text _builder_version=&#8220;4.27.0&#8243; _module_preset=&#8220;default&#8220; custom_padding=&#8220;||21px|||&#8220; global_colors_info=&#8220;{}&#8220;]<\/p>\n<h1 class=\"font_0 wixui-rich-text__text\" style=\"text-align: center;\"><strong>Bundesprogramm<\/strong><\/h1>\n<p>[\/et_pb_text][et_pb_text _builder_version=&#8220;4.27.0&#8243; _module_preset=&#8220;default&#8220; width=&#8220;100%&#8220; global_colors_info=&#8220;{}&#8220;]<\/p>\n<div id=\"bgLayers_comp-ll4v8gqz\" data-hook=\"bgLayers\" data-motion-part=\"BG_LAYER\" class=\"MW5IWV\">\n<div id=\"bgMedia_comp-ll4v8gqz\" data-motion-part=\"BG_MEDIA\" class=\"VgO9Yg\">\n<div id=\"comp-lskwjwp92\" class=\"HcOXKn c9GqVL QxJLC3 comp-lskwjwp92 wixui-rich-text\" data-testid=\"richTextElement\">\n<div id=\"bgLayers_comp-ll4v8gqw1\" data-hook=\"bgLayers\" data-motion-part=\"BG_LAYER\" class=\"MW5IWV\">\n<table border=\"1\" style=\"border-collapse: collapse; width: 100%;\">\n<tbody>\n<tr>\n<td style=\"width: 25%;\">\n<div id=\"bgLayers_comp-ll4v8gqw1\" data-hook=\"bgLayers\" data-motion-part=\"BG_LAYER\" class=\"MW5IWV\">\n<h3 id=\"bgMedia_comp-ll4v8gqw1\" data-motion-part=\"BG_MEDIA\" class=\"VgO9Yg\"><strong>Pistole 25m<\/strong><\/h3>\n<\/div>\n<div data-mesh-id=\"comp-ll4v8gqw1inlineContent\" data-testid=\"inline-content\" class=\"\">\n<div data-mesh-id=\"comp-ll4v8gqw1inlineContent-gridContainer\" data-testid=\"mesh-container-content\">\n<div id=\"comp-lkh62c5w2\" class=\"HcOXKn c9GqVL QxJLC3 comp-lkh62c5w2 wixui-rich-text\" data-testid=\"richTextElement\">\n<p class=\"font_7 wixui-rich-text__text\"><span class=\"color_15 wixui-rich-text__text\"><span class=\"wixui-rich-text__text\">5\u00d71 Einzelschuss<\/span><\/span><\/p>\n<p class=\"font_7 wixui-rich-text__text\"><span class=\"color_15 wixui-rich-text__text\"><span class=\"wixui-rich-text__text\">1\u00d75 Schnellfeuer in 50 Sek<\/span><\/span><\/p>\n<p class=\"font_7 wixui-rich-text__text\"><span class=\"color_15 wixui-rich-text__text\"><span class=\"wixui-rich-text__text\">1\u00d75 Schnellfeuer in 40 Sek<\/span><\/span><\/p>\n<p class=\"font_7 wixui-rich-text__text\"><span class=\"color_15 wixui-rich-text__text\"><span class=\"wixui-rich-text__text\">1\u00d75 Schnellfeuer in 30 Sek<\/span><\/span><\/p>\n<p class=\"font_7 wixui-rich-text__text\"><span class=\"color_15 wixui-rich-text__text\"><span class=\"wixui-rich-text__text\"><\/span><\/span><\/p>\n<\/div>\n<div id=\"comp-lkh62c5x\" class=\"HcOXKn c9GqVL QxJLC3 comp-lkh62c5x wixui-rich-text\" data-testid=\"richTextElement\">\n<p class=\"font_7 wixui-rich-text__text\"><span class=\"color_15 wixui-rich-text__text\"><span class=\"wixui-rich-text__text\">Erf\u00fcllungskriterien:<\/span><\/span><\/p>\n<ul class=\"font_7 color_15 wixui-rich-text__text\">\n<li class=\"wixui-rich-text__text\">\n<p class=\"font_7 wixui-rich-text__text\"><span class=\"color_15 wixui-rich-text__text\"><span class=\"wixui-rich-text__text\">mind. 120 Punkte<\/span><\/span><\/p>\n<\/li>\n<li class=\"wixui-rich-text__text\">\n<p class=\"font_7 wixui-rich-text__text\"><span class=\"color_15 wixui-rich-text__text\"><span class=\"wixui-rich-text__text\">max. 3 Nuller<\/span><\/span><\/p>\n<\/li>\n<\/ul>\n<\/div>\n<div id=\"comp-lkh62c64\" class=\"HcOXKn c9GqVL QxJLC3 comp-lkh62c64 wixui-rich-text\" data-testid=\"richTextElement\">\n<p class=\"font_7 wixui-rich-text__text\"><span class=\"color_15 wixui-rich-text__text\"><span class=\"wixui-rich-text__text\">Anerkennungskarte ab 175 Pt.<\/span><\/span><\/p>\n<p class=\"font_7 wixui-rich-text__text\"><span class=\"color_15 wixui-rich-text__text\"><span class=\"wixui-rich-text__text\">172 f\u00fcr Veteranen und U21,<\/span><\/span><\/p>\n<p class=\"font_7 wixui-rich-text__text\"><span class=\"color_15 wixui-rich-text__text\"><span class=\"wixui-rich-text__text\">170 f\u00fcr Seniorveteranen und U17.<\/span><\/span><\/p>\n<p class=\"font_7 wixui-rich-text__text\"><span class=\"color_15 wixui-rich-text__text\"><span class=\"wixui-rich-text__text\"><img loading=\"lazy\" decoding=\"async\" src=\"https:\/\/ssszh.ch\/wp-content\/uploads\/2024\/07\/pistscheibe.webp\" width=\"89\" height=\"144\" alt=\"\" class=\"wp-image-160 alignnone size-full\" style=\"float: left;\" \/><\/span><\/span><\/p>\n<\/div>\n<\/div>\n<\/div>\n<\/td>\n<td style=\"width: 30%;\">\n<div id=\"comp-lkh62c615\" class=\"HcOXKn c9GqVL QxJLC3 comp-lkh62c615 wixui-rich-text\" data-testid=\"richTextElement\">\n<h2 class=\"font_2 wixui-rich-text__text\"><strong><span class=\"wixui-rich-text__text\">Gewehr 300m<\/span><\/strong><\/h2>\n<\/div>\n<div id=\"comp-lkh62c5z2\" class=\"HcOXKn c9GqVL QxJLC3 comp-lkh62c5z2 wixui-rich-text\" data-testid=\"richTextElement\">\n<p class=\"font_7 wixui-rich-text__text\"><span class=\"color_15 wixui-rich-text__text\"><span class=\"wixui-rich-text__text\">5\u00d71 Einzelschuss A5<\/span><\/span><\/p>\n<p class=\"font_7 wixui-rich-text__text\"><span class=\"color_15 wixui-rich-text__text\"><span class=\"wixui-rich-text__text\">5\u00d71 Einzelschuss B4<\/span><\/span><\/p>\n<p class=\"font_7 wixui-rich-text__text\"><span class=\"color_15 wixui-rich-text__text\"><span class=\"wixui-rich-text__text\">1\u00d72 Schnellfeuer B4<\/span><\/span><\/p>\n<p class=\"font_7 wixui-rich-text__text\"><span class=\"color_15 wixui-rich-text__text\"><span class=\"wixui-rich-text__text\">1\u00d73 Schnellfeuer B4<\/span><\/span><\/p>\n<p class=\"font_7 wixui-rich-text__text\"><span class=\"color_15 wixui-rich-text__text\"><span class=\"wixui-rich-text__text\">1\u00d75 Schnellfeuer B4<\/span><\/span><\/p>\n<\/div>\n<div id=\"comp-lkh62c601\" class=\"MazNVa comp-lkh62c601 wixui-image\">\n<div data-testid=\"linkElement\" class=\"j7pOnl\"><wow-image id=\"img_comp-lkh62c601\" class=\"HlRz5e BI8PVQ\" data-image-info=\"{&quot;containerId&quot;:&quot;comp-lkh62c601&quot;,&quot;displayMode&quot;:&quot;fill&quot;,&quot;targetWidth&quot;:84,&quot;targetHeight&quot;:82,&quot;isLQIP&quot;:true,&quot;imageData&quot;:{&quot;width&quot;:708,&quot;height&quot;:705,&quot;uri&quot;:&quot;66ce1a_4b562c56becc48098a40e5779c18b0e1~mv2.jpg&quot;,&quot;name&quot;:&quot;111.JPG&quot;,&quot;displayMode&quot;:&quot;fill&quot;}}\" data-bg-effect-name=\"\" data-has-ssr-src=\"\"><\/wow-image><\/div>\n<\/div>\n<div id=\"comp-lkh62c61\" class=\"MazNVa comp-lkh62c61 wixui-image\">\n<div data-testid=\"linkElement\" class=\"j7pOnl\"><wow-image id=\"img_comp-lkh62c61\" class=\"HlRz5e BI8PVQ\" data-image-info=\"{&quot;containerId&quot;:&quot;comp-lkh62c61&quot;,&quot;displayMode&quot;:&quot;fill&quot;,&quot;targetWidth&quot;:88,&quot;targetHeight&quot;:82,&quot;isLQIP&quot;:true,&quot;imageData&quot;:{&quot;width&quot;:691,&quot;height&quot;:677,&quot;uri&quot;:&quot;66ce1a_613697ebe6cf4a66a60b5a6cfd629b9d~mv2.jpg&quot;,&quot;name&quot;:&quot;222.JPG&quot;,&quot;displayMode&quot;:&quot;fill&quot;}}\" data-bg-effect-name=\"\" data-has-ssr-src=\"\"><\/wow-image><\/div>\n<\/div>\n<div id=\"comp-lkh62c622\" class=\"HcOXKn c9GqVL QxJLC3 comp-lkh62c622 wixui-rich-text\" data-testid=\"richTextElement\">\n<p class=\"font_7 wixui-rich-text__text\"><span class=\"color_15 wixui-rich-text__text\"><span class=\"wixui-rich-text__text\">Erf\u00fcllungskriterien:<\/span><\/span><\/p>\n<ul class=\"font_7 color_15 wixui-rich-text__text\">\n<li class=\"wixui-rich-text__text\">\n<p class=\"font_7 wixui-rich-text__text\"><span class=\"color_15 wixui-rich-text__text\"><span class=\"wixui-rich-text__text\">mind. 42 Punkte<\/span><\/span><\/p>\n<\/li>\n<li class=\"wixui-rich-text__text\">\n<p class=\"font_7 wixui-rich-text__text\"><span class=\"color_15 wixui-rich-text__text\"><span class=\"wixui-rich-text__text\">max. 3 Nuller<\/span><\/span><\/p>\n<\/li>\n<\/ul>\n<\/div>\n<div id=\"comp-lkh62c63\" class=\"HcOXKn c9GqVL QxJLC3 comp-lkh62c63 wixui-rich-text\" data-testid=\"richTextElement\">\n<p class=\"font_7 wixui-rich-text__text\"><span class=\"color_15 wixui-rich-text__text\"><span class=\"wixui-rich-text__text\">Anerkennungskarte ab 66 Pt.,<\/span><\/span><\/p>\n<p class=\"font_7 wixui-rich-text__text\"><span class=\"color_15 wixui-rich-text__text\"><span class=\"wixui-rich-text__text\">64 f\u00fcr Veteranen und U21,<\/span><\/span><\/p>\n<p class=\"font_7 wixui-rich-text__text\"><span class=\"color_15 wixui-rich-text__text\"><span class=\"wixui-rich-text__text\">63 f\u00fcr Seniorveteranen und U17.<\/span><\/span><\/p>\n<p class=\"font_7 wixui-rich-text__text\"><span class=\"color_15 wixui-rich-text__text\"><span class=\"wixui-rich-text__text\"><img loading=\"lazy\" decoding=\"async\" src=\"https:\/\/ssszh.ch\/wp-content\/uploads\/2024\/07\/stgwscheibe.webp\" width=\"84\" height=\"82\" alt=\"\" class=\"wp-image-159 alignnone size-full\" style=\"float: left;\" \/><\/span><\/span><\/p>\n<p class=\"font_7 wixui-rich-text__text\"><span class=\"color_15 wixui-rich-text__text\"><span class=\"wixui-rich-text__text\"><img loading=\"lazy\" decoding=\"async\" src=\"https:\/\/ssszh.ch\/wp-content\/uploads\/2024\/07\/stgwfeld.webp\" width=\"88\" height=\"82\" alt=\"\" class=\"wp-image-158 alignnone size-full\" style=\"font-family: inherit; font-size: inherit; float: left;\" \/><\/span><\/span><\/p>\n<\/div>\n<\/td>\n<\/tr>\n<\/tbody>\n<\/table>\n<\/div>\n<\/div>\n<\/div>\n<\/div>\n<p>[\/et_pb_text][et_pb_text _builder_version=&#8220;4.27.0&#8243; _module_preset=&#8220;default&#8220; global_colors_info=&#8220;{}&#8220;]<\/p>\n<p style=\"text-align: center;\"><span>Anerkennungskarten werden gerne auf Anfrage ausgestellt<\/span><\/p>\n<p>[\/et_pb_text][\/et_pb_column][\/et_pb_row][\/et_pb_section]<\/p>\n","protected":false},"excerpt":{"rendered":"<p>Termine OP-Schiessen Die neuen Termine werden hier angezeigt sobald sie bekannt sind. <div class=\"r34ics-ajax-container loading\" id=\"r69e1d35d38821e0\" data-view=\"list\" data-view-is-list-style=\"1\" data-view-is-list-long=\"1\" data-args=\"1e6413207ffde3cf4b1bcc2cd2df009fdbc24a09\" data-js-args=\"{&quot;debug&quot;:null}\">&nbsp;<\/div>Letzte Standblattausgabe 30min vor Schiessende.Angeh\u00f6rige der Armee Ausserdienstliche SchiesspflichtBringe zur Erf\u00fcllung der Schiesspflicht bitte folgende Sachen mit: Aufforderungsschreiben mit den Klebeetiketten Dienstb\u00fcchlein Milit\u00e4rische Leistungsausweis (MLA) Amtlicher Ausweis Pers\u00f6nliche [&hellip;]<\/p>\n","protected":false},"author":1,"featured_media":0,"parent":0,"menu_order":0,"comment_status":"closed","ping_status":"closed","template":"","meta":{"_et_pb_use_builder":"on","_et_pb_old_content":"","_et_gb_content_width":"","footnotes":""},"class_list":["post-150","page","type-page","status-publish","hentry"],"_links":{"self":[{"href":"https:\/\/ssszh.ch\/index.php?rest_route=\/wp\/v2\/pages\/150","targetHints":{"allow":["GET"]}}],"collection":[{"href":"https:\/\/ssszh.ch\/index.php?rest_route=\/wp\/v2\/pages"}],"about":[{"href":"https:\/\/ssszh.ch\/index.php?rest_route=\/wp\/v2\/types\/page"}],"author":[{"embeddable":true,"href":"https:\/\/ssszh.ch\/index.php?rest_route=\/wp\/v2\/users\/1"}],"replies":[{"embeddable":true,"href":"https:\/\/ssszh.ch\/index.php?rest_route=%2Fwp%2Fv2%2Fcomments&post=150"}],"version-history":[{"count":52,"href":"https:\/\/ssszh.ch\/index.php?rest_route=\/wp\/v2\/pages\/150\/revisions"}],"predecessor-version":[{"id":794,"href":"https:\/\/ssszh.ch\/index.php?rest_route=\/wp\/v2\/pages\/150\/revisions\/794"}],"wp:attachment":[{"href":"https:\/\/ssszh.ch\/index.php?rest_route=%2Fwp%2Fv2%2Fmedia&parent=150"}],"curies":[{"name":"wp","href":"https:\/\/api.w.org\/{rel}","templated":true}]}}