{"id":143,"date":"2024-07-22T06:25:30","date_gmt":"2024-07-22T06:25:30","guid":{"rendered":"https:\/\/ssszh.meister4.ch\/?page_id=143"},"modified":"2025-07-22T19:04:47","modified_gmt":"2025-07-22T17:04:47","slug":"schiessuebungen","status":"publish","type":"page","link":"https:\/\/ssszh.ch\/?page_id=143","title":{"rendered":"Schiess\u00fcbungen"},"content":{"rendered":"<p>[et_pb_section fb_built=&#8220;1&#8243; _builder_version=&#8220;4.27.0&#8243; _module_preset=&#8220;default&#8220; custom_padding=&#8220;29px||22px|||&#8220; global_colors_info=&#8220;{}&#8220;][et_pb_row _builder_version=&#8220;4.27.0&#8243; _module_preset=&#8220;default&#8220; custom_padding=&#8220;19px||6px|||&#8220; global_colors_info=&#8220;{}&#8220;][et_pb_column type=&#8220;4_4&#8243; _builder_version=&#8220;4.27.0&#8243; _module_preset=&#8220;default&#8220; global_colors_info=&#8220;{}&#8220;][et_pb_text _builder_version=&#8220;4.27.0&#8243; _module_preset=&#8220;default&#8220; global_colors_info=&#8220;{}&#8220;]<\/p>\n<h1 class=\"font_0 wixui-rich-text__text\" style=\"text-align: center;\"><strong>Regul\u00e4re Schiess\u00fcbungen<\/strong><\/h1>\n<p>[\/et_pb_text][\/et_pb_column][\/et_pb_row][et_pb_row _builder_version=&#8220;4.27.0&#8243; _module_preset=&#8220;default&#8220; custom_padding=&#8220;24px||16px|||&#8220; global_colors_info=&#8220;{}&#8220;][et_pb_column type=&#8220;4_4&#8243; _builder_version=&#8220;4.27.0&#8243; _module_preset=&#8220;default&#8220; global_colors_info=&#8220;{}&#8220;][et_pb_text _builder_version=&#8220;4.27.0&#8243; _module_preset=&#8220;default&#8220; global_colors_info=&#8220;{}&#8220;]<\/p>\n<div id=\"bgLayers_comp-ll4v8gqz\" data-hook=\"bgLayers\" data-motion-part=\"BG_LAYER\" class=\"MW5IWV\">\n<div id=\"bgMedia_comp-ll4v8gqz\" data-motion-part=\"BG_MEDIA\" class=\"VgO9Yg\">\n<div id=\"comp-lkh6axcq\" class=\"HcOXKn c9GqVL QxJLC3 comp-lkh6axcq wixui-rich-text\" data-testid=\"richTextElement\">\n<h3 class=\"font_5 wixui-rich-text__text\"><strong><span class=\"wixui-rich-text__text\">Die Schiesssaison<\/span><\/strong><\/h3>\n<\/div>\n<div id=\"comp-lkh6brzz\" class=\"HcOXKn c9GqVL QxJLC3 comp-lkh6brzz wixui-rich-text\" data-testid=\"richTextElement\">\n<p class=\"font_7 wixui-rich-text__text\"><span class=\"color_15 wixui-rich-text__text\"><span class=\"wixui-rich-text__text\">J\u00e4hrlich zwischen M\u00e4rz und September widmet sich der SSS! den regul\u00e4ren Schiess\u00fcbungen f\u00fcr die Vorbereitung auf Sch\u00fctzenfeste, Feldschiessen und Pflichtschiessen. Anfangs Saison verk\u00fcndet der Sch\u00fctzenmeister die Schiessdaten an Aktivita, Altherrenschaft und das Mitsch\u00fctzentum.<\/span><\/span><\/p>\n<\/div>\n<\/div>\n<\/div>\n<p>[\/et_pb_text][et_pb_image src=&#8220;https:\/\/ssszh.ch\/wp-content\/uploads\/2024\/07\/guetlifrueher.webp&#8220; title_text=&#8220;g\u00fctlifr\u00fcher&#8220; align=&#8220;center&#8220; _builder_version=&#8220;4.27.0&#8243; _module_preset=&#8220;default&#8220; global_colors_info=&#8220;{}&#8220;][\/et_pb_image][et_pb_text _builder_version=&#8220;4.27.0&#8243; _module_preset=&#8220;default&#8220; global_colors_info=&#8220;{}&#8220;]<\/p>\n<div id=\"bgLayers_comp-ll4v8gqz\" data-hook=\"bgLayers\" data-motion-part=\"BG_LAYER\" class=\"MW5IWV\">\n<div id=\"bgMedia_comp-ll4v8gqz\" data-motion-part=\"BG_MEDIA\" class=\"VgO9Yg\">\n<div id=\"comp-lkh6axcq\" class=\"HcOXKn c9GqVL QxJLC3 comp-lkh6axcq wixui-rich-text\" data-testid=\"richTextElement\"><\/div>\n<div id=\"comp-lkh6brzz\" class=\"HcOXKn c9GqVL QxJLC3 comp-lkh6brzz wixui-rich-text\" data-testid=\"richTextElement\">\n<h3 class=\"font_7 wixui-rich-text__text\"><strong>Informationen f\u00fcr Interessierte<\/strong><\/h3>\n<\/div>\n<div id=\"comp-lkh6lrzc\" class=\"HcOXKn c9GqVL QxJLC3 comp-lkh6lrzc wixui-rich-text\" data-testid=\"richTextElement\">\n<p class=\"font_7 wixui-rich-text__text\"><span class=\"color_15 wixui-rich-text__text\"><span class=\"wixui-rich-text__text\">Wir freuen uns \u00fcber alle aus der Akademie, welche sich f\u00fcr das Schiessen begeistern k\u00f6nnen. Besonders spannend f\u00fcr uns sind nat\u00fcrlich Studenten, welche sich nebst dem Schiessen auch f\u00fcr unser Verbindungsleben interessieren.<\/span><\/span><\/p>\n<p class=\"font_7 wixui-rich-text__text\"><span class=\"color_15 wixui-rich-text__text\"><span class=\"wixui-rich-text__text\">Ob potentielles Verbindungsbruder oder eine neue Mitsch\u00fctzin oder Mitsch\u00fctze\u2013 Wir m\u00f6chten dich gerne zuerst kennenlernen, bevor wir dich an einen Schiessanlass einladen. Denn auch wenn wir uns pragmatisch gesehen im Schiesssport \u00fcben, entgeht uns nicht die Notwendigkeit des verantwortungsvollen Umgangs mit der Waffe, welche in unge\u00fcbten und\/oder falschen H\u00e4nden ein riskante Situation erzeugen kann.<\/span><\/span><\/p>\n<p class=\"font_7 wixui-rich-text__text\"><span class=\"color_15 wixui-rich-text__text\"><span class=\"wixui-rich-text__text\">Aus diesem Grund ver\u00f6ffentlichen wir unsere Schiessdaten nicht und m\u00f6chten uns zuerst ein Bild von der Person machen, mit der wir die Zeit am Schiessstand verbringen w\u00fcrden. Insofern sind alle Interessierte herzlichst aufgefordert, uns an unserem allw\u00f6chentlichen Stamm donnerstags um 20:15 in den Drei Stuben zu besuchen.<\/span><\/span><\/p>\n<p class=\"font_7 wixui-rich-text__text\"><span class=\"wixui-rich-text__text\"><span class=\"color_15 wixui-rich-text__text\">Mit einer Voranmeldung ist gew\u00e4hrleistet, dass man nicht vor leeren Drei Stuben steht, weil wir prompt an diesem Abend den Stamm ausnahmsweise im Turm abhalten.<\/span><\/span><\/p>\n<\/div>\n<\/div>\n<\/div>\n<p>[\/et_pb_text][et_pb_code _builder_version=&#8220;4.27.0&#8243; _module_preset=&#8220;default&#8220; global_colors_info=&#8220;{}&#8220;][\/et_pb_code][et_pb_text _builder_version=&#8220;4.27.4&#8243; _module_preset=&#8220;default&#8220; global_colors_info=&#8220;{}&#8220;]<\/p>\n<div id=\"comp-k70trwdz\" class=\"HcOXKn c9GqVL QxJLC3 comp-k70trwdz wixui-rich-text\" data-testid=\"richTextElement\">\n<div id=\"comp-lkh77374\" class=\"HcOXKn c9GqVL QxJLC3 comp-lkh77374 wixui-rich-text\" data-testid=\"richTextElement\">\n<h3 class=\"font_7 wixui-rich-text__text\"><strong><span class=\"wixui-rich-text__text\"><span class=\"color_15 wixui-rich-text__text\">Informationen an Interessierte ohne Schweizer Staatsb\u00fcrgerschaft<\/span><\/span><\/strong><\/h3>\n<\/div>\n<div id=\"comp-lkh68v31\" class=\"HcOXKn c9GqVL QxJLC3 comp-lkh68v31 wixui-rich-text\" data-testid=\"richTextElement\">\n<p class=\"font_7 wixui-rich-text__text\"><span class=\"color_15 wixui-rich-text__text\"><span class=\"wixui-rich-text__text\">Der SSS! bekommt vom Schweizer Milit\u00e4r die Munition als F\u00f6rderung subventioniert. Das betrifft nicht nur Bundesschiessen (z.B. Obligatorisches Probeschiessen &#8222;OP&#8220; und Eidgen\u00f6ssisches Feldschiessen &#8222;EFS&#8220;), sondern auch grunds\u00e4tzlich alle regul\u00e4ren Schiess\u00fcbungen, die der SSS! veranstaltet. Das bedeutet, wenn man an einen Schiessanlass vom SSS! teilnimmt und Munition von uns erwirbt, erh\u00e4lt man Bundesmunition.<br class=\"wixui-rich-text__text\" \/>Da wir also (ausschliesslich) Bundesmunition anbieten, sind wir dem <\/span><\/span><span class=\"wixui-rich-text__text\"><a href=\"https:\/\/ssszh.ch\/wp-content\/uploads\/2024\/12\/Munitionsbefehl_2019.pdf\" target=\"_blank\" rel=\"noopener noreferrer\" class=\"wixui-rich-text__text\">Munitionsbefehl<\/a><\/span><span class=\"color_15 wixui-rich-text__text\"><span class=\"wixui-rich-text__text\"> unterworfen. Daher m\u00fcssen sich insbesondere Personen ohne Schweizer Staatsangeh\u00f6rigkeit informieren, ob sie bei uns bzw. mit der von uns angebotenen Bundesmunition schiessen d\u00fcrfen. Der Munitionsbefehl besagt n\u00e4mlich, dass die Bundesmunition nur folgenden Gruppen vorenthalten sind:<\/span><\/span><\/p>\n<ul class=\"font_7 color_15 wixui-rich-text__text\">\n<li class=\"wixui-rich-text__text\">\n<p class=\"font_7 wixui-rich-text__text\"><span class=\"color_15 wixui-rich-text__text\"><span class=\"wixui-rich-text__text\">Angeh\u00f6rige der Armee (obligatorisch f\u00fcr m\u00e4nnliche Schweizer B\u00fcrger)<\/span><\/span><\/p>\n<\/li>\n<li class=\"wixui-rich-text__text\">\n<p class=\"font_7 wixui-rich-text__text\"><span class=\"color_15 wixui-rich-text__text\"><span class=\"wixui-rich-text__text\">Personen mit Schweizer Staatsb\u00fcrgerschaft<\/span><\/span><\/p>\n<\/li>\n<li class=\"wixui-rich-text__text\">\n<p class=\"font_7 wixui-rich-text__text\"><span class=\"color_15 wixui-rich-text__text\"><span class=\"wixui-rich-text__text\"><\/span><\/span><span style=\"font-size: 16px;\">Personen mit Mitgliedschaft (inkl. Bewilligung) eines anerkannten Sch\u00fctzenvereins<\/span><\/p>\n<\/li>\n<\/ul>\n<p class=\"font_7 wixui-rich-text__text\"><br class=\"wixui-rich-text__text\" \/><span class=\"color_15 wixui-rich-text__text\"><span class=\"wixui-rich-text__text\">Personen ohne Schweizer Staatsb\u00fcrgerschaft haben demnach <\/span><span class=\"wixui-rich-text__text\">nur<\/span><span class=\"wixui-rich-text__text\"> die M\u00f6glichkeit bei uns mit unserer Munition zu schiessen, wenn sie zur <\/span><span class=\"wixui-rich-text__text\">dritten Kategorie<\/span><span class=\"wixui-rich-text__text\"> geh\u00f6ren.<br class=\"wixui-rich-text__text\" \/>Wir k\u00f6nnen nat\u00fcrlich auch eine Person ohne Schweizer Staatsb\u00fcrgerschaft als Mitglied aufnehmen und eine Bewilligung organisieren. Das ist jedoch auch mit einem gewissen Aufwand verbunden, den wir nicht bereit sind aufzubringen, wenn jemand bloss ein einmaliges Schiesserlebnis f\u00fcr die Bucket List sucht.\u00a0<\/span><\/span><\/p>\n<p class=\"font_7 wixui-rich-text__text\"><span class=\"color_15 wixui-rich-text__text\"><span class=\"wixui-rich-text__text\">F\u00fcr Personen, die gerne als aktives Mitglied teilnehmen wollen (am liebsten nat\u00fcrlich auch in unserem Verbindungsleben), nehmen wir uns der Sache gerne an. Daf\u00fcr m\u00f6chten wir die Person aber zuerst mal kennenlernen, weshalb wir Schiessinteressierten ohne Schweizer Staatsb\u00fcrgerschaft empfehlen, sich bei uns zu melden und uns an einem Stamm besuchen zu kommen. Dort erkl\u00e4ren wir auch gerne im Detail, wie das mit der Bewilligung und dem Waffenerwerb genau aussieht.<\/span><\/span><\/p>\n<\/div>\n<\/div>\n<p>[\/et_pb_text][\/et_pb_column][\/et_pb_row][\/et_pb_section]<\/p>\n","protected":false},"excerpt":{"rendered":"<p>Regul\u00e4re Schiess\u00fcbungen Die Schiesssaison J\u00e4hrlich zwischen M\u00e4rz und September widmet sich der SSS! den regul\u00e4ren Schiess\u00fcbungen f\u00fcr die Vorbereitung auf Sch\u00fctzenfeste, Feldschiessen und Pflichtschiessen. Anfangs Saison verk\u00fcndet der Sch\u00fctzenmeister die Schiessdaten an Aktivita, Altherrenschaft und das Mitsch\u00fctzentum. Informationen f\u00fcr Interessierte Wir freuen uns \u00fcber alle aus der Akademie, welche sich f\u00fcr das Schiessen begeistern k\u00f6nnen. [&hellip;]<\/p>\n","protected":false},"author":1,"featured_media":0,"parent":0,"menu_order":0,"comment_status":"closed","ping_status":"closed","template":"","meta":{"_et_pb_use_builder":"on","_et_pb_old_content":"","_et_gb_content_width":"","footnotes":""},"class_list":["post-143","page","type-page","status-publish","hentry"],"_links":{"self":[{"href":"https:\/\/ssszh.ch\/index.php?rest_route=\/wp\/v2\/pages\/143","targetHints":{"allow":["GET"]}}],"collection":[{"href":"https:\/\/ssszh.ch\/index.php?rest_route=\/wp\/v2\/pages"}],"about":[{"href":"https:\/\/ssszh.ch\/index.php?rest_route=\/wp\/v2\/types\/page"}],"author":[{"embeddable":true,"href":"https:\/\/ssszh.ch\/index.php?rest_route=\/wp\/v2\/users\/1"}],"replies":[{"embeddable":true,"href":"https:\/\/ssszh.ch\/index.php?rest_route=%2Fwp%2Fv2%2Fcomments&post=143"}],"version-history":[{"count":6,"href":"https:\/\/ssszh.ch\/index.php?rest_route=\/wp\/v2\/pages\/143\/revisions"}],"predecessor-version":[{"id":863,"href":"https:\/\/ssszh.ch\/index.php?rest_route=\/wp\/v2\/pages\/143\/revisions\/863"}],"wp:attachment":[{"href":"https:\/\/ssszh.ch\/index.php?rest_route=%2Fwp%2Fv2%2Fmedia&parent=143"}],"curies":[{"name":"wp","href":"https:\/\/api.w.org\/{rel}","templated":true}]}}