{"id":135,"date":"2024-07-22T06:19:13","date_gmt":"2024-07-22T06:19:13","guid":{"rendered":"https:\/\/ssszh.meister4.ch\/?page_id=135"},"modified":"2024-12-01T14:22:23","modified_gmt":"2024-12-01T14:22:23","slug":"stamm","status":"publish","type":"page","link":"https:\/\/ssszh.ch\/?page_id=135","title":{"rendered":"Stamm"},"content":{"rendered":"<p>[et_pb_section fb_built=&#8220;1&#8243; _builder_version=&#8220;4.27.0&#8243; _module_preset=&#8220;default&#8220; global_colors_info=&#8220;{}&#8220; custom_padding=&#8220;||8px|||&#8220;][et_pb_row _builder_version=&#8220;4.27.0&#8243; _module_preset=&#8220;default&#8220; global_colors_info=&#8220;{}&#8220; custom_padding=&#8220;19px||20px|||&#8220;][et_pb_column type=&#8220;4_4&#8243; _builder_version=&#8220;4.27.0&#8243; _module_preset=&#8220;default&#8220; global_colors_info=&#8220;{}&#8220;][et_pb_text _builder_version=&#8220;4.27.0&#8243; _module_preset=&#8220;default&#8220; global_colors_info=&#8220;{}&#8220;]<\/p>\n<h1 class=\"font_0 wixui-rich-text__text\" style=\"text-align: center;\">Stamm<\/h1>\n<p>[\/et_pb_text][\/et_pb_column][\/et_pb_row][et_pb_row column_structure=&#8220;1_2,1_2&#8243; _builder_version=&#8220;4.27.0&#8243; _module_preset=&#8220;default&#8220; global_colors_info=&#8220;{}&#8220; custom_padding=&#8220;14px||11px|||&#8220;][et_pb_column type=&#8220;1_2&#8243; _builder_version=&#8220;4.27.0&#8243; _module_preset=&#8220;default&#8220; global_colors_info=&#8220;{}&#8220;][et_pb_text _builder_version=&#8220;4.27.0&#8243; _module_preset=&#8220;default&#8220; global_colors_info=&#8220;{}&#8220;]<\/p>\n<div id=\"bgLayers_comp-ll4v8gqz\" data-hook=\"bgLayers\" data-motion-part=\"BG_LAYER\" class=\"MW5IWV\">\n<div id=\"bgMedia_comp-ll4v8gqz\" data-motion-part=\"BG_MEDIA\" class=\"VgO9Yg\">\n<h2 class=\"font_2 wixui-rich-text__text\"><span class=\"wixui-rich-text__text\">Tradition und Verbundenheit<\/span><\/h2>\n<p class=\"font_8 wixui-rich-text__text\"><span class=\"wixui-rich-text__text\">Die Aktivitas trifft sich w\u00f6chentlich am Donnerstag zum Stamm, der den Fixpunkt im Verbindungsleben darstellt. Dabei werden genauso ernste Themen diskutiert, wie auch fr\u00f6hlich gelacht und gesungen wird. Altherren am Stamm bringen ihren Erfahrungsschatz ein und bleiben im Gegenzug verbunden mit den Aktiven. Der Stamm folgt couleurstudentischen Sitten und Gebr\u00e4uchen.<\/span><\/p>\n<\/div>\n<\/div>\n<p>[\/et_pb_text][et_pb_code _builder_version=&#8220;4.27.0&#8243; _module_preset=&#8220;default&#8220; global_colors_info=&#8220;{}&#8220;][\/et_pb_code][\/et_pb_column][et_pb_column type=&#8220;1_2&#8243; _builder_version=&#8220;4.27.0&#8243; _module_preset=&#8220;default&#8220; global_colors_info=&#8220;{}&#8220;][et_pb_text _builder_version=&#8220;4.27.0&#8243; _module_preset=&#8220;default&#8220; global_colors_info=&#8220;{}&#8220;]<\/p>\n<div id=\"comp-k70trwdz\" class=\"HcOXKn c9GqVL QxJLC3 comp-k70trwdz wixui-rich-text\" data-testid=\"richTextElement\">\n<h2 class=\"font_2 wixui-rich-text__text\"><span class=\"wixui-rich-text__text\">Couleurstudentische Sitten<\/span><\/h2>\n<p class=\"font_8 wixui-rich-text__text\"><span class=\"wixui-rich-text__text\">Die St\u00e4mme folgen einer eigenen Ordnung. Die Trinksitten sorgen daf\u00fcr, dass der Biergenuss sich vom kommunen Bierschl\u00fcrfen der Philister unterscheidet. Dabei soll die Gem\u00fctlichkeit auf der Kneipe sowie die Fidelit\u00e4t im Allgemeinen gef\u00f6rdert und die Disziplin an Sitzungen gewahrt werden. Dies alles l\u00e4sst den Studienalltag f\u00fcr kurze Zeit in den Hintergrund r\u00fccken und uns stattdessen fr\u00f6hliche Stunden mit k\u00fchlem Bier geniessen.<\/span><\/p>\n<\/div>\n<p>[\/et_pb_text][\/et_pb_column][\/et_pb_row][et_pb_row _builder_version=&#8220;4.27.0&#8243; _module_preset=&#8220;default&#8220; global_colors_info=&#8220;{}&#8220; custom_padding=&#8220;17px||0px|||&#8220;][et_pb_column type=&#8220;4_4&#8243; _builder_version=&#8220;4.27.0&#8243; _module_preset=&#8220;default&#8220; global_colors_info=&#8220;{}&#8220;][et_pb_divider _builder_version=&#8220;4.27.0&#8243; _module_preset=&#8220;default&#8220; global_colors_info=&#8220;{}&#8220;][\/et_pb_divider][\/et_pb_column][\/et_pb_row][et_pb_row column_structure=&#8220;1_2,1_2&#8243; _builder_version=&#8220;4.27.0&#8243; _module_preset=&#8220;default&#8220; global_colors_info=&#8220;{}&#8220; custom_padding=&#8220;21px||4px|||&#8220;][et_pb_column type=&#8220;1_2&#8243; _builder_version=&#8220;4.27.0&#8243; _module_preset=&#8220;default&#8220; global_colors_info=&#8220;{}&#8220;][et_pb_text _builder_version=&#8220;4.27.0&#8243; _module_preset=&#8220;default&#8220; global_colors_info=&#8220;{}&#8220;]<\/p>\n<div id=\"bgLayers_comp-ll4v8gqz\" data-hook=\"bgLayers\" data-motion-part=\"BG_LAYER\" class=\"MW5IWV\">\n<div id=\"bgMedia_comp-ll4v8gqz\" data-motion-part=\"BG_MEDIA\" class=\"VgO9Yg\">\n<h2 class=\"font_2 wixui-rich-text__text\"><span class=\"wixui-rich-text__text\">Stamm in Z\u00fcrich<\/span><\/h2>\n<p class=\"font_8 wixui-rich-text__text\"><span class=\"wixui-rich-text__text\">Die Aktivitas trifft sich meist w\u00f6chentlich zum Stamm in den Drei Stuben. Einmal im Monat findet zuvor ein Stamm der Altherren statt.<\/span><\/p>\n<\/div>\n<\/div>\n<p>[\/et_pb_text][et_pb_code _builder_version=&#8220;4.27.0&#8243; _module_preset=&#8220;default&#8220; global_colors_info=&#8220;{}&#8220;][\/et_pb_code][\/et_pb_column][et_pb_column type=&#8220;1_2&#8243; _builder_version=&#8220;4.27.0&#8243; _module_preset=&#8220;default&#8220; global_colors_info=&#8220;{}&#8220;][et_pb_text _builder_version=&#8220;4.27.0&#8243; _module_preset=&#8220;default&#8220; global_colors_info=&#8220;{}&#8220;]<\/p>\n<div id=\"comp-k70trwdz\" class=\"HcOXKn c9GqVL QxJLC3 comp-k70trwdz wixui-rich-text\" data-testid=\"richTextElement\">\n<h2 class=\"font_2 wixui-rich-text__text\"><span class=\"wixui-rich-text__text\">Bern und Chur<\/span><\/h2>\n<p class=\"font_8 wixui-rich-text__text\"><span class=\"wixui-rich-text__text\">Da unsere Mitglieder nach dem Studium \u00fcber die ganze Schweiz verteilt sind, finden auch St\u00e4mme an anderen Orten, so zur Zeit in Bern und Chur, statt.<\/span><\/p>\n<\/div>\n<p>[\/et_pb_text][\/et_pb_column][\/et_pb_row][et_pb_row _builder_version=&#8220;4.27.0&#8243; _module_preset=&#8220;default&#8220; global_colors_info=&#8220;{}&#8220; custom_padding=&#8220;50px||30px|||&#8220;][et_pb_column type=&#8220;4_4&#8243; _builder_version=&#8220;4.27.0&#8243; _module_preset=&#8220;default&#8220; global_colors_info=&#8220;{}&#8220;][et_pb_image src=&#8220;https:\/\/ssszh.ch\/wp-content\/uploads\/2024\/07\/\u201eLerne-schiessen-triff-Freunde__-02.jpg.webp&#8220; title_text=&#8220;\u201eLerne schiessen, triff Freunde__ 02.jpg&#8220; align=&#8220;center&#8220; force_fullwidth=&#8220;on&#8220; _builder_version=&#8220;4.27.0&#8243; _module_preset=&#8220;default&#8220; global_colors_info=&#8220;{}&#8220;][\/et_pb_image][\/et_pb_column][\/et_pb_row][\/et_pb_section]<\/p>\n","protected":false},"excerpt":{"rendered":"<p>Stamm Tradition und Verbundenheit Die Aktivitas trifft sich w\u00f6chentlich am Donnerstag zum Stamm, der den Fixpunkt im Verbindungsleben darstellt. Dabei werden genauso ernste Themen diskutiert, wie auch fr\u00f6hlich gelacht und gesungen wird. Altherren am Stamm bringen ihren Erfahrungsschatz ein und bleiben im Gegenzug verbunden mit den Aktiven. Der Stamm folgt couleurstudentischen Sitten und Gebr\u00e4uchen. Couleurstudentische [&hellip;]<\/p>\n","protected":false},"author":1,"featured_media":0,"parent":0,"menu_order":0,"comment_status":"closed","ping_status":"closed","template":"","meta":{"_et_pb_use_builder":"on","_et_pb_old_content":"","_et_gb_content_width":"","footnotes":""},"class_list":["post-135","page","type-page","status-publish","hentry"],"_links":{"self":[{"href":"https:\/\/ssszh.ch\/index.php?rest_route=\/wp\/v2\/pages\/135","targetHints":{"allow":["GET"]}}],"collection":[{"href":"https:\/\/ssszh.ch\/index.php?rest_route=\/wp\/v2\/pages"}],"about":[{"href":"https:\/\/ssszh.ch\/index.php?rest_route=\/wp\/v2\/types\/page"}],"author":[{"embeddable":true,"href":"https:\/\/ssszh.ch\/index.php?rest_route=\/wp\/v2\/users\/1"}],"replies":[{"embeddable":true,"href":"https:\/\/ssszh.ch\/index.php?rest_route=%2Fwp%2Fv2%2Fcomments&post=135"}],"version-history":[{"count":4,"href":"https:\/\/ssszh.ch\/index.php?rest_route=\/wp\/v2\/pages\/135\/revisions"}],"predecessor-version":[{"id":733,"href":"https:\/\/ssszh.ch\/index.php?rest_route=\/wp\/v2\/pages\/135\/revisions\/733"}],"wp:attachment":[{"href":"https:\/\/ssszh.ch\/index.php?rest_route=%2Fwp%2Fv2%2Fmedia&parent=135"}],"curies":[{"name":"wp","href":"https:\/\/api.w.org\/{rel}","templated":true}]}}