{"id":129,"date":"2024-07-22T06:13:05","date_gmt":"2024-07-22T06:13:05","guid":{"rendered":"https:\/\/ssszh.meister4.ch\/?page_id=129"},"modified":"2024-12-02T13:19:42","modified_gmt":"2024-12-02T13:19:42","slug":"anlaesse","status":"publish","type":"page","link":"https:\/\/ssszh.ch\/?page_id=129","title":{"rendered":"Anl\u00e4sse"},"content":{"rendered":"<p>[et_pb_section fb_built=&#8220;1&#8243; _builder_version=&#8220;4.27.0&#8243; _module_preset=&#8220;default&#8220; custom_padding=&#8220;23px||4px|||&#8220; global_colors_info=&#8220;{}&#8220;][et_pb_row _builder_version=&#8220;4.27.0&#8243; _module_preset=&#8220;default&#8220; custom_padding=&#8220;20px||6px|||&#8220; global_colors_info=&#8220;{}&#8220;][et_pb_column type=&#8220;4_4&#8243; _builder_version=&#8220;4.27.0&#8243; _module_preset=&#8220;default&#8220; global_colors_info=&#8220;{}&#8220;][et_pb_text _builder_version=&#8220;4.27.0&#8243; _module_preset=&#8220;default&#8220; global_colors_info=&#8220;{}&#8220;]<\/p>\n<h1 class=\"font_0 wixui-rich-text__text\" style=\"text-align: center;\"><strong>Stamm<\/strong><\/h1>\n<p>[\/et_pb_text][et_pb_text _builder_version=&#8220;4.27.4&#8243; _module_preset=&#8220;default&#8220; hover_enabled=&#8220;0&#8243; global_colors_info=&#8220;{}&#8220; sticky_enabled=&#8220;0&#8243;]<\/p>\n<div id=\"bgLayers_comp-ll4v8gqz\" data-hook=\"bgLayers\" data-motion-part=\"BG_LAYER\" class=\"MW5IWV\">\n<div id=\"bgMedia_comp-ll4v8gqz\" data-motion-part=\"BG_MEDIA\" class=\"VgO9Yg\"><\/div>\n<\/div>\n<div data-mesh-id=\"comp-ll4v8gqzinlineContent\" data-testid=\"inline-content\" class=\"\">\n<div data-mesh-id=\"comp-ll4v8gqzinlineContent-gridContainer\" data-testid=\"mesh-container-content\">\n<div id=\"comp-k70trwce\" class=\"HcOXKn c9GqVL QxJLC3 comp-k70trwce wixui-rich-text\" data-testid=\"richTextElement\">\n<p class=\"font_7 wixui-rich-text__text\"><span class=\"color_15 wixui-rich-text__text\"><span class=\"wixui-rich-text__text\">Der Stamm findet in der Regel donnerstags um 20:15 in <a href=\"https:\/\/ssszh.ch\/?page_id=82\" class=\"wixui-rich-text__text\">unseren Lokalit\u00e4ten<\/a>, den <\/span><\/span><a href=\"https:\/\/www.drei-stuben.ch\/\" target=\"_blank\" rel=\"noopener noreferrer\" class=\"wixui-rich-text__text\"><span class=\"wixui-rich-text__text\">Drei Stuben<\/span><\/a><span class=\"color_15 wixui-rich-text__text\"><span class=\"wixui-rich-text__text\">, statt. Besonders w\u00e4hrend dem <\/span><\/span><a href=\"https:\/\/ethz.ch\/staffnet\/de\/news-und-veranstaltungen\/akademischer-kalender.html\" target=\"_blank\" rel=\"noreferrer noopener\" class=\"wixui-rich-text__text\"><span class=\"wixui-rich-text__text\">akademischen Semester<\/span><\/a><span class=\"color_15 wixui-rich-text__text\"><span class=\"wixui-rich-text__text\"> sind wir dort zuverl\u00e4ssig anzutreffen. In Ausnahmef\u00e4llen verschieben wir unseren Stamm im Turm vom Sch\u00fctzenhaus.\u00a0<\/span><\/span><\/p>\n<p class=\"font_7 wixui-rich-text__text\"><span class=\"color_15 wixui-rich-text__text\"><span class=\"wixui-rich-text__text\">Bei Interesse lohnt es sich in jedem Fall, im Voraus mit uns in <a href=\"https:\/\/ssszh.ch\/?page_id=168\" class=\"wixui-rich-text__text\">Kontakt<\/a> zu treten, um sicher zu gehen, dass der Besuch gelingt.<\/span><\/span><\/p>\n<\/div>\n<div id=\"comp-k70u3lqc\" class=\"HcOXKn c9GqVL QxJLC3 comp-k70u3lqc wixui-rich-text\" data-testid=\"richTextElement\"><\/div>\n<\/div>\n<\/div>\n<p>[\/et_pb_text][et_pb_text _builder_version=&#8220;4.27.0&#8243; _module_preset=&#8220;default&#8220; global_colors_info=&#8220;{}&#8220;]<\/p>\n<h1 class=\"font_0 wixui-rich-text__text\" style=\"text-align: center;\"><strong><span class=\"wixui-rich-text__text\">Schiessanl\u00e4sse<\/span><\/strong><\/h1>\n<p>[\/et_pb_text][\/et_pb_column][\/et_pb_row][et_pb_row _builder_version=&#8220;4.27.0&#8243; _module_preset=&#8220;default&#8220; custom_padding=&#8220;6px||0px|||&#8220; global_colors_info=&#8220;{}&#8220;][et_pb_column type=&#8220;4_4&#8243; _builder_version=&#8220;4.27.0&#8243; _module_preset=&#8220;default&#8220; global_colors_info=&#8220;{}&#8220;][et_pb_text _builder_version=&#8220;4.27.4&#8243; _module_preset=&#8220;default&#8220; custom_padding=&#8220;||0px|||&#8220; hover_enabled=&#8220;0&#8243; global_colors_info=&#8220;{}&#8220; sticky_enabled=&#8220;0&#8243;]<\/p>\n<div id=\"bgLayers_comp-ll4v8gqz\" data-hook=\"bgLayers\" data-motion-part=\"BG_LAYER\" class=\"MW5IWV\">\n<p id=\"bgMedia_comp-ll4v8gqz\" data-motion-part=\"BG_MEDIA\" class=\"VgO9Yg\">Nebst den internen <span class=\"wixui-rich-text__text\"><a href=\"https:\/\/ssszh.ch\/?page_id=68\" class=\"wixui-rich-text__text\">Schiess\u00fcbungen<\/a><\/span> zur Vorbereitung auf verschiedenste Schweizer Sch\u00fctzenfeste organisieren wir auch Bundesschiessen wie das <span class=\"wixui-rich-text__text\"><a href=\"https:\/\/ssszh.ch\/?page_id=150\" class=\"wixui-rich-text__text\">Schiessen des Obligatorischen Programms<\/a><\/span> und Eidgen\u00f6ssische Feldschiessen.<\/p>\n<\/div>\n<div data-mesh-id=\"comp-ll4v8gqzinlineContent\" data-testid=\"inline-content\" class=\"\">\n<div data-mesh-id=\"comp-ll4v8gqzinlineContent-gridContainer\" data-testid=\"mesh-container-content\">\n<div id=\"comp-k70u3lqc\" class=\"HcOXKn c9GqVL QxJLC3 comp-k70u3lqc wixui-rich-text\" data-testid=\"richTextElement\"><\/div>\n<\/div>\n<\/div>\n<p>[\/et_pb_text][et_pb_code _builder_version=&#8220;4.27.0&#8243; _module_preset=&#8220;default&#8220; global_colors_info=&#8220;{}&#8220;][\/et_pb_code][\/et_pb_column][\/et_pb_row][\/et_pb_section]<\/p>\n","protected":false},"excerpt":{"rendered":"<p>Stamm Der Stamm findet in der Regel donnerstags um 20:15 in unseren Lokalit\u00e4ten, den Drei Stuben, statt. Besonders w\u00e4hrend dem akademischen Semester sind wir dort zuverl\u00e4ssig anzutreffen. In Ausnahmef\u00e4llen verschieben wir unseren Stamm im Turm vom Sch\u00fctzenhaus.\u00a0 Bei Interesse lohnt es sich in jedem Fall, im Voraus mit uns in Kontakt zu treten, um sicher [&hellip;]<\/p>\n","protected":false},"author":1,"featured_media":0,"parent":0,"menu_order":0,"comment_status":"closed","ping_status":"closed","template":"","meta":{"_et_pb_use_builder":"on","_et_pb_old_content":"","_et_gb_content_width":"","footnotes":""},"class_list":["post-129","page","type-page","status-publish","hentry"],"_links":{"self":[{"href":"https:\/\/ssszh.ch\/index.php?rest_route=\/wp\/v2\/pages\/129","targetHints":{"allow":["GET"]}}],"collection":[{"href":"https:\/\/ssszh.ch\/index.php?rest_route=\/wp\/v2\/pages"}],"about":[{"href":"https:\/\/ssszh.ch\/index.php?rest_route=\/wp\/v2\/types\/page"}],"author":[{"embeddable":true,"href":"https:\/\/ssszh.ch\/index.php?rest_route=\/wp\/v2\/users\/1"}],"replies":[{"embeddable":true,"href":"https:\/\/ssszh.ch\/index.php?rest_route=%2Fwp%2Fv2%2Fcomments&post=129"}],"version-history":[{"count":5,"href":"https:\/\/ssszh.ch\/index.php?rest_route=\/wp\/v2\/pages\/129\/revisions"}],"predecessor-version":[{"id":761,"href":"https:\/\/ssszh.ch\/index.php?rest_route=\/wp\/v2\/pages\/129\/revisions\/761"}],"wp:attachment":[{"href":"https:\/\/ssszh.ch\/index.php?rest_route=%2Fwp%2Fv2%2Fmedia&parent=129"}],"curies":[{"name":"wp","href":"https:\/\/api.w.org\/{rel}","templated":true}]}}