{"id":115,"date":"2024-07-22T06:04:42","date_gmt":"2024-07-22T06:04:42","guid":{"rendered":"https:\/\/ssszh.meister4.ch\/?page_id=115"},"modified":"2024-12-02T16:48:00","modified_gmt":"2024-12-02T16:48:00","slug":"home","status":"publish","type":"page","link":"https:\/\/ssszh.ch\/","title":{"rendered":"Home"},"content":{"rendered":"<p>[et_pb_section fb_built=&#8220;1&#8243; _builder_version=&#8220;4.27.0&#8243; _module_preset=&#8220;default&#8220; custom_padding=&#8220;17px|||||&#8220; global_colors_info=&#8220;{}&#8220;][et_pb_row disabled_on=&#8220;on|off|off&#8220; _builder_version=&#8220;4.27.4&#8243; _module_preset=&#8220;default&#8220; height=&#8220;278px&#8220; custom_padding=&#8220;6px||14px|||&#8220; global_colors_info=&#8220;{}&#8220;][et_pb_column type=&#8220;4_4&#8243; _builder_version=&#8220;4.27.0&#8243; _module_preset=&#8220;default&#8220; global_colors_info=&#8220;{}&#8220;][et_pb_gallery gallery_ids=&#8220;248,247,246&#8243; gallery_orderby=&#8220;rand&#8220; fullwidth=&#8220;on&#8220; _builder_version=&#8220;4.27.0&#8243; _dynamic_attributes=&#8220;link_option_url&#8220; _module_preset=&#8220;default&#8220; custom_margin=&#8220;||-30px|||&#8220; custom_padding=&#8220;||96px|||&#8220; animation_style=&#8220;fade&#8220; animation_delay=&#8220;50ms&#8220; auto=&#8220;on&#8220; auto_speed=&#8220;5000&#8243; link_option_url=&#8220;@ET-DC@eyJkeW5hbWljIjp0cnVlLCJjb250ZW50IjoicG9zdF9saW5rX3VybF9wYWdlIiwic2V0dGluZ3MiOnsicG9zdF9pZCI6IjQ2In19@&#8220; global_colors_info=&#8220;{}&#8220;][\/et_pb_gallery][et_pb_gallery gallery_ids=&#8220;118,120,121&#8243; gallery_orderby=&#8220;rand&#8220; fullwidth=&#8220;on&#8220; _builder_version=&#8220;4.27.0&#8243; _module_preset=&#8220;default&#8220; hover_transition_speed_curve=&#8220;ease-in-out&#8220; global_colors_info=&#8220;{}&#8220;][\/et_pb_gallery][\/et_pb_column][\/et_pb_row][et_pb_row column_structure=&#8220;1_3,1_3,1_3&#8243; _builder_version=&#8220;4.27.4&#8243; _module_preset=&#8220;default&#8220; width=&#8220;56%&#8220; height=&#8220;272px&#8220; global_colors_info=&#8220;{}&#8220;][et_pb_column type=&#8220;1_3&#8243; _builder_version=&#8220;4.27.4&#8243; _module_preset=&#8220;default&#8220; global_colors_info=&#8220;{}&#8220;][et_pb_button button_url=&#8220;@ET-DC@eyJkeW5hbWljIjp0cnVlLCJjb250ZW50IjoicG9zdF9saW5rX3VybF9wYWdlIiwic2V0dGluZ3MiOnsicG9zdF9pZCI6IjE1MCJ9fQ==@&#8220; button_text=&#8220;OP Termine&#8220; button_alignment=&#8220;center&#8220; _builder_version=&#8220;4.27.4&#8243; _dynamic_attributes=&#8220;button_url&#8220; _module_preset=&#8220;default&#8220; custom_button=&#8220;on&#8220; button_text_color=&#8220;#000000&#8243; button_border_color=&#8220;#8a1924&#8243; button_font=&#8220;|600|||||||&#8220; global_colors_info=&#8220;{}&#8220;][\/et_pb_button][\/et_pb_column][et_pb_column type=&#8220;1_3&#8243; _builder_version=&#8220;4.27.4&#8243; _module_preset=&#8220;default&#8220; global_colors_info=&#8220;{}&#8220;][et_pb_image src=&#8220;https:\/\/ssszh.ch\/wp-content\/uploads\/2024\/07\/Wappen_Vektor.png.webp&#8220; title_text=&#8220;Wappen_Vektor.png&#8220; align=&#8220;center&#8220; _builder_version=&#8220;4.27.4&#8243; _module_preset=&#8220;default&#8220; custom_padding=&#8220;25px||0px|||&#8220; hover_enabled=&#8220;0&#8243; global_colors_info=&#8220;{}&#8220; disabled_on=&#8220;on|off|off&#8220; sticky_enabled=&#8220;0&#8243;][\/et_pb_image][\/et_pb_column][et_pb_column type=&#8220;1_3&#8243; _builder_version=&#8220;4.27.4&#8243; _module_preset=&#8220;default&#8220; global_colors_info=&#8220;{}&#8220;][et_pb_button button_url=&#8220;@ET-DC@eyJkeW5hbWljIjp0cnVlLCJjb250ZW50IjoicG9zdF9saW5rX3VybF9wYWdlIiwic2V0dGluZ3MiOnsicG9zdF9pZCI6Ijk1In19@&#8220; button_text=&#8220;Mitglied werden!&#8220; button_alignment=&#8220;center&#8220; _builder_version=&#8220;4.27.4&#8243; _dynamic_attributes=&#8220;button_url&#8220; _module_preset=&#8220;default&#8220; custom_button=&#8220;on&#8220; button_text_color=&#8220;#000000&#8243; button_border_color=&#8220;#8a1924&#8243; button_font=&#8220;|600|||||||&#8220; global_colors_info=&#8220;{}&#8220;][\/et_pb_button][\/et_pb_column][\/et_pb_row][et_pb_row _builder_version=&#8220;4.27.4&#8243; _module_preset=&#8220;default&#8220; global_colors_info=&#8220;{}&#8220;][et_pb_column type=&#8220;4_4&#8243; _builder_version=&#8220;4.27.4&#8243; _module_preset=&#8220;default&#8220; global_colors_info=&#8220;{}&#8220;][et_pb_text _builder_version=&#8220;4.27.0&#8243; _module_preset=&#8220;default&#8220; custom_margin=&#8220;-24px||-23px|||&#8220; custom_padding=&#8220;38px|||||&#8220; global_colors_info=&#8220;{}&#8220;]<\/p>\n<h1 class=\"font_0 wixui-rich-text__text\" style=\"text-align: center;\"><strong>Willkommen<\/strong><\/h1>\n<p>[\/et_pb_text][et_pb_divider color=&#8220;#a51d44&#8243; _builder_version=&#8220;4.27.0&#8243; _module_preset=&#8220;default&#8220; custom_margin=&#8220;43px||8px|||&#8220; global_colors_info=&#8220;{}&#8220;][\/et_pb_divider][et_pb_text _builder_version=&#8220;4.27.0&#8243; _module_preset=&#8220;default&#8220; global_colors_info=&#8220;{}&#8220;]<\/p>\n<h5 class=\"font_5 wixui-rich-text__text\" style=\"text-align: center;\"><span class=\"wixui-rich-text__text\">Beim Sch\u00fctzenverein Schweizerischer Studierender, der einzigen Studentenverbindung <br class=\"wixui-rich-text__text\" \/>mit Schiessbetrieb seit 1861!<\/span><\/h5>\n<p>[\/et_pb_text][et_pb_image src=&#8220;https:\/\/ssszh.ch\/wp-content\/uploads\/2024\/07\/Banner-2.jpg.webp&#8220; title_text=&#8220;Banner 2.jpg&#8220; force_fullwidth=&#8220;on&#8220; _builder_version=&#8220;4.27.0&#8243; _module_preset=&#8220;default&#8220; global_colors_info=&#8220;{}&#8220;][\/et_pb_image][et_pb_text _builder_version=&#8220;4.27.4&#8243; _module_preset=&#8220;default&#8220; global_colors_info=&#8220;{}&#8220;]<\/p>\n<div id=\"bgLayers_comp-ll4v8gqz\" data-hook=\"bgLayers\" data-motion-part=\"BG_LAYER\" class=\"MW5IWV\">\n<div id=\"bgMedia_comp-ll4v8gqz\" data-motion-part=\"BG_MEDIA\" class=\"VgO9Yg\">\n<p class=\"font_8 wixui-rich-text__text\"><span class=\"wixui-rich-text__text\"><span class=\"color_15 wixui-rich-text__text\">Der Sch\u00fctzenverein Schweizerischer Studierender (SSS!) wurde am 26. Juni 1861 unter dem Namen Sch\u00fctzenverein Schweizerischer Polytechniker mit 55 Mitgliedern gegr\u00fcndet. Ende 1870 erfolgte die Umbenennung in Sch\u00fctzenverein Schweizerischer Studierender. Der SSS! besteht haupts\u00e4chlich aus Studenten, die an der Universit\u00e4t oder an der ETH Z\u00fcrich studieren.<\/span><\/span><\/p>\n<p class=\"font_8 wixui-rich-text__text\"><span class=\"wixui-rich-text__text\"><span class=\"color_15 wixui-rich-text__text\">Als Lebensverbindung freiheitlich gesinnter Akademiker, die sich zum demokratischen Rechtsstaat bekennen, f\u00f6rdert der SSS! den Gedankenaustausch zwischen Angeh\u00f6rigen verschiedener Fakult\u00e4ten und Studienrichtungen. Er will gemeinsam mit dem Altherrenverband des SSS! in sinnvoller Weise traditionelle Werte erhalten und die Kameradschaft unter seinen Mitgliedern, sowie Geselligkeit in massvollen couleurstudentischen Formen pflegen.\u00a0Unsere Farben sind w<\/span><span class=\"color_15 wixui-rich-text__text\">eiss-w<\/span><span class=\"color_15 wixui-rich-text__text\">einrot.<\/span><\/span><\/p>\n<p class=\"font_8 wixui-rich-text__text\"><span class=\"wixui-rich-text__text\"><span class=\"color_15 wixui-rich-text__text\">Wir sind politisch und konfessionell neutral.<\/span><\/span><\/p>\n<p class=\"font_8 wixui-rich-text__text\"><span class=\"wixui-rich-text__text\">Das Stammlokal des SSS! ist das\u00a0<span class=\"color_15 wixui-rich-text__text\">Restaurant\u00a0<a href=\"https:\/\/ssszh.ch\/?page_id=82\" class=\"wixui-rich-text__text\">Drei Stuben<\/a>\u00a0in Z\u00fcrich Unterstrass. Das Geb\u00e4ude an der Beckenhofstrasse 5 befindet sich im Eigentum der Aktiengesellschaft zun Drei Stuben, deren Aktion\u00e4re allesamt Mitglieder des SSS! sind. Nach Schiessanl\u00e4ssen treffen wir uns oft in der <a href=\"https:\/\/ssszh.ch\/?page_id=82\" class=\"wixui-rich-text__text\">Turmstube<\/a> des Albisg\u00fctli, wo der SSS! seit den 1980er-Jahren das Gastrecht hat.\u00a0<\/span><\/span><\/p>\n<p class=\"font_8 wixui-rich-text__text\"><span class=\"wixui-rich-text__text\"><span class=\"color_15 wixui-rich-text__text\">M\u00f6chtest Du uns n\u00e4her kennen lernen? <a href=\"https:\/\/ssszh.ch\/?page_id=95\" class=\"wixui-rich-text__text\">Hier<\/a> findest Du weitere Informationen.<\/span><\/span><\/p>\n<\/div>\n<\/div>\n<p>[\/et_pb_text][\/et_pb_column][\/et_pb_row][\/et_pb_section]<\/p>\n","protected":false},"excerpt":{"rendered":"<p>WillkommenBeim Sch\u00fctzenverein Schweizerischer Studierender, der einzigen Studentenverbindung mit Schiessbetrieb seit 1861! Der Sch\u00fctzenverein Schweizerischer Studierender (SSS!) wurde am 26. Juni 1861 unter dem Namen Sch\u00fctzenverein Schweizerischer Polytechniker mit 55 Mitgliedern gegr\u00fcndet. Ende 1870 erfolgte die Umbenennung in Sch\u00fctzenverein Schweizerischer Studierender. Der SSS! besteht haupts\u00e4chlich aus Studenten, die an der Universit\u00e4t oder an der ETH Z\u00fcrich [&hellip;]<\/p>\n","protected":false},"author":1,"featured_media":0,"parent":0,"menu_order":0,"comment_status":"closed","ping_status":"closed","template":"","meta":{"_et_pb_use_builder":"on","_et_pb_old_content":"","_et_gb_content_width":"","footnotes":""},"class_list":["post-115","page","type-page","status-publish","hentry"],"_links":{"self":[{"href":"https:\/\/ssszh.ch\/index.php?rest_route=\/wp\/v2\/pages\/115","targetHints":{"allow":["GET"]}}],"collection":[{"href":"https:\/\/ssszh.ch\/index.php?rest_route=\/wp\/v2\/pages"}],"about":[{"href":"https:\/\/ssszh.ch\/index.php?rest_route=\/wp\/v2\/types\/page"}],"author":[{"embeddable":true,"href":"https:\/\/ssszh.ch\/index.php?rest_route=\/wp\/v2\/users\/1"}],"replies":[{"embeddable":true,"href":"https:\/\/ssszh.ch\/index.php?rest_route=%2Fwp%2Fv2%2Fcomments&post=115"}],"version-history":[{"count":30,"href":"https:\/\/ssszh.ch\/index.php?rest_route=\/wp\/v2\/pages\/115\/revisions"}],"predecessor-version":[{"id":781,"href":"https:\/\/ssszh.ch\/index.php?rest_route=\/wp\/v2\/pages\/115\/revisions\/781"}],"wp:attachment":[{"href":"https:\/\/ssszh.ch\/index.php?rest_route=%2Fwp%2Fv2%2Fmedia&parent=115"}],"curies":[{"name":"wp","href":"https:\/\/api.w.org\/{rel}","templated":true}]}}